{"id":5704,"date":"2026-04-08T16:08:41","date_gmt":"2026-04-08T14:08:41","guid":{"rendered":"https:\/\/webcom.iutlan.univ-rennes1.fr\/zbercegeay\/?page_id=5704"},"modified":"2026-04-17T15:07:43","modified_gmt":"2026-04-17T13:07:43","slug":"frequentation-des-festivals-en-france","status":"publish","type":"page","link":"https:\/\/webcom.iutlan.univ-rennes1.fr\/zbercegeay\/","title":{"rendered":"Fr\u00e9quentation des festivals en France"},"content":{"rendered":"\n<p class=\"has-text-align-left has-large-font-size\">Les festivals font aujourd\u2019hui partie des rendez-vous culturels incontournables en France, attirant chaque ann\u00e9e plus de 11 millions de festivaliers. Entre musique, d\u00e9couvertes et moments de partage, ils rassemblent un public vari\u00e9 et participent pleinement \u00e0 la vie culturelle, en cr\u00e9ant des exp\u00e9riences uniques et marquantes.<\/p>\n\n\n\n<p><\/p>\n\n\n\n<iframe style=\"width: 100%; height: 700px; border: 0;\" allowfullscreen allow=\"geolocation\" src=\"\/\/umap.openstreetmap.fr\/fr\/map\/carte-sans-nom_1385505?scaleControl=false&#038;miniMap=false&#038;scrollWheelZoom=false&#038;zoomControl=true&#038;editMode=disabled&#038;moreControl=true&#038;searchControl=null&#038;tilelayersControl=null&#038;embedControl=null&#038;datalayersControl=true&#038;onLoadPanel=none&#038;captionBar=false&#038;captionMenus=true\"><\/iframe><p><a href=\"\/\/umap.openstreetmap.fr\/fr\/map\/carte-sans-nom_1385505?scaleControl=false&#038;miniMap=false&#038;scrollWheelZoom=true&#038;zoomControl=true&#038;editMode=disabled&#038;moreControl=true&#038;searchControl=null&#038;tilelayersControl=null&#038;embedControl=null&#038;datalayersControl=true&#038;onLoadPanel=none&#038;captionBar=false&#038;captionMenus=true\">Voir en plein \u00e9cran<\/a><\/p>\n\n\n\n<p><\/p>\n","protected":false},"excerpt":{"rendered":"<p>Les festivals font aujourd\u2019hui partie des rendez-vous culturels incontournables en France, attirant chaque ann\u00e9e plus de 11 millions de festivaliers. Entre musique, d\u00e9couvertes et moments de partage, ils rassemblent un public vari\u00e9 et participent pleinement \u00e0 la vie culturelle, en&#8230; <a class=\"more-link\" href=\"https:\/\/webcom.iutlan.univ-rennes1.fr\/zbercegeay\/\">Continue Reading &rarr;<\/a><\/p>\n","protected":false},"author":1,"featured_media":0,"parent":0,"menu_order":0,"comment_status":"closed","ping_status":"closed","template":"","meta":{"footnotes":""},"class_list":["post-5704","page","type-page","status-publish","hentry"],"_links":{"self":[{"href":"https:\/\/webcom.iutlan.univ-rennes1.fr\/zbercegeay\/wp-json\/wp\/v2\/pages\/5704","targetHints":{"allow":["GET"]}}],"collection":[{"href":"https:\/\/webcom.iutlan.univ-rennes1.fr\/zbercegeay\/wp-json\/wp\/v2\/pages"}],"about":[{"href":"https:\/\/webcom.iutlan.univ-rennes1.fr\/zbercegeay\/wp-json\/wp\/v2\/types\/page"}],"author":[{"embeddable":true,"href":"https:\/\/webcom.iutlan.univ-rennes1.fr\/zbercegeay\/wp-json\/wp\/v2\/users\/1"}],"replies":[{"embeddable":true,"href":"https:\/\/webcom.iutlan.univ-rennes1.fr\/zbercegeay\/wp-json\/wp\/v2\/comments?post=5704"}],"version-history":[{"count":5,"href":"https:\/\/webcom.iutlan.univ-rennes1.fr\/zbercegeay\/wp-json\/wp\/v2\/pages\/5704\/revisions"}],"predecessor-version":[{"id":5714,"href":"https:\/\/webcom.iutlan.univ-rennes1.fr\/zbercegeay\/wp-json\/wp\/v2\/pages\/5704\/revisions\/5714"}],"wp:attachment":[{"href":"https:\/\/webcom.iutlan.univ-rennes1.fr\/zbercegeay\/wp-json\/wp\/v2\/media?parent=5704"}],"curies":[{"name":"wp","href":"https:\/\/api.w.org\/{rel}","templated":true}]}}