{"id":879,"date":"2026-04-01T18:37:51","date_gmt":"2026-04-01T16:37:51","guid":{"rendered":"https:\/\/webcom.iutlan.univ-rennes1.fr\/rozdupont\/?page_id=879"},"modified":"2026-04-08T14:28:21","modified_gmt":"2026-04-08T12:28:21","slug":"le-guide-de-la-programmation-musicale-des-festivals-en-2026","status":"publish","type":"page","link":"https:\/\/webcom.iutlan.univ-rennes1.fr\/rozdupont\/","title":{"rendered":"Le guide de la programmation musicale des festivals en 2026"},"content":{"rendered":"\r\n\r\n\r\n<h3 class=\"wp-block-heading\">Pr\u00e9voyez vos saison prochain ! Pour vous aider \u00e0 naviguer dans la programmation musicale des festivals en 2026, cette page regroupe les outils essentielles pour vous permettre de trouver vos artistes favoris et localiser les festivals incontournables.<\/h3>\r\n\r\n\r\n\r\n<h3 class=\"wp-block-heading\">1) Tableau des festivals<\/h3>\r\n\r\n\r\n\r\n<p><em>Ce tableau r\u00e9capitulatif centralise les informations cl\u00e9s pour chaque \u00e9v\u00e9nement : dates exactes, lieux, tarifs et genres musicaux (du Rock au Reggae). Vous y trouverez \u00e9galement un aper\u00e7u de la programmation avec les t\u00eates d&rsquo;affiche confirm\u00e9es ainsi que l&rsquo;\u00e9tat actuel de la billetterie.<\/em><\/p>\r\n\r\n\r\n\r\n<div class=\"flourish-embed flourish-chart\" data-src=\"visualisation\/28296687\"><script src=\"https:\/\/public.flourish.studio\/resources\/embed.js\"><\/script><noscript><img decoding=\"async\" src=\"https:\/\/public.flourish.studio\/visualisation\/28296687\/thumbnail\" width=\"100%\" alt=\"visualization\" \/><\/noscript><\/div>\r\n\r\n\r\n\r\n<p>&nbsp;<\/p>\r\n\r\n\r\n\r\n<h3 class=\"wp-block-heading\">2) Carte<\/h3>\r\n\r\n\r\n\r\n<p><em>Visualisez en un instant l\u2019ensemble des festivals gr\u00e2ce \u00e0 cette carte interactive. Elle comprend tous les \u00e9v\u00e9nements de la saison, de Bruxelles \u00e0 Biarritz, en int\u00e9grant pour chacun les d\u00e9tails essentiels : dates, styles musicaux et t\u00eates d&rsquo;affiche. C\u2019est l\u2019outil id\u00e9al pour tracer votre itin\u00e9raire et rep\u00e9rer les festivals les plus proches de chez vous.<\/em><\/p>\r\n\r\n\r\n\r\n<p><iframe style=\"width: 100%; height: 900px; border: 0;\" src=\"\/\/umap.openstreetmap.fr\/fr\/map\/carte-sans-nom_1385493?scaleControl=false&amp;miniMap=false&amp;scrollWheelZoom=false&amp;zoomControl=true&amp;editMode=disabled&amp;moreControl=true&amp;searchControl=null&amp;tilelayersControl=null&amp;embedControl=null&amp;datalayersControl=true&amp;onLoadPanel=none&amp;captionBar=false&amp;captionMenus=true\" allowfullscreen=\"allowfullscreen\"><\/iframe><\/p>\r\n<p><a href=\"\/\/umap.openstreetmap.fr\/fr\/map\/carte-sans-nom_1385493?scaleControl=false&amp;miniMap=false&amp;scrollWheelZoom=true&amp;zoomControl=true&amp;editMode=disabled&amp;moreControl=true&amp;searchControl=null&amp;tilelayersControl=null&amp;embedControl=null&amp;datalayersControl=true&amp;onLoadPanel=none&amp;captionBar=false&amp;captionMenus=true\">Voir en plein \u00e9cran<\/a><\/p>\r\n","protected":false},"excerpt":{"rendered":"<p>Pr\u00e9voyez vos saison prochain ! Pour vous aider \u00e0 naviguer dans la programmation musicale des festivals en 2026, cette page regroupe les outils essentielles pour vous permettre de trouver vos artistes favoris et localiser les festivals incontournables. 1) Tableau des&#8230; <a class=\"more-link\" href=\"https:\/\/webcom.iutlan.univ-rennes1.fr\/rozdupont\/\">Continue Reading &rarr;<\/a><\/p>\n","protected":false},"author":1,"featured_media":0,"parent":0,"menu_order":0,"comment_status":"closed","ping_status":"closed","template":"","meta":{"footnotes":""},"class_list":["post-879","page","type-page","status-publish","hentry"],"yoast_head":"<!-- This site is optimized with the Yoast SEO plugin v27.5 - https:\/\/yoast.com\/product\/yoast-seo-wordpress\/ -->\n<title>Le guide de la programmation musicale des festivals en 2026 - Ecrits Num\u00e9riques - Rozenn Dupont<\/title>\n<meta name=\"robots\" content=\"noindex, follow, max-snippet:-1, max-image-preview:large, max-video-preview:-1\" \/>\n<meta property=\"og:locale\" content=\"fr_FR\" \/>\n<meta property=\"og:type\" content=\"article\" \/>\n<meta property=\"og:title\" content=\"Le guide de la programmation musicale des festivals en 2026 - Ecrits Num\u00e9riques - Rozenn Dupont\" \/>\n<meta property=\"og:description\" content=\"Pr\u00e9voyez vos saison prochain ! Pour vous aider \u00e0 naviguer dans la programmation musicale des festivals en 2026, cette page regroupe les outils essentielles pour vous permettre de trouver vos artistes favoris et localiser les festivals incontournables. 1) Tableau des... Continue Reading &rarr;\" \/>\n<meta property=\"og:url\" content=\"https:\/\/webcom.iutlan.univ-rennes1.fr\/rozdupont\/\" \/>\n<meta property=\"og:site_name\" content=\"Ecrits Num\u00e9riques - Rozenn Dupont\" \/>\n<meta property=\"article:modified_time\" content=\"2026-04-08T12:28:21+00:00\" \/>\n<meta property=\"og:image\" content=\"https:\/\/public.flourish.studio\/visualisation\/28296687\/thumbnail\" \/>\n<meta name=\"twitter:card\" content=\"summary_large_image\" \/>\n<meta name=\"twitter:label1\" content=\"Dur\u00e9e de lecture estim\u00e9e\" \/>\n\t<meta name=\"twitter:data1\" content=\"1 minute\" \/>\n<script type=\"application\/ld+json\" class=\"yoast-schema-graph\">{\"@context\":\"https:\\\/\\\/schema.org\",\"@graph\":[{\"@type\":\"WebPage\",\"@id\":\"https:\\\/\\\/webcom.iutlan.univ-rennes1.fr\\\/rozdupont\\\/\",\"url\":\"https:\\\/\\\/webcom.iutlan.univ-rennes1.fr\\\/rozdupont\\\/\",\"name\":\"Le guide de la programmation musicale des festivals en 2026 - Ecrits Num\u00e9riques - Rozenn Dupont\",\"isPartOf\":{\"@id\":\"https:\\\/\\\/webcom.iutlan.univ-rennes1.fr\\\/rozdupont\\\/#website\"},\"primaryImageOfPage\":{\"@id\":\"https:\\\/\\\/webcom.iutlan.univ-rennes1.fr\\\/rozdupont\\\/#primaryimage\"},\"image\":{\"@id\":\"https:\\\/\\\/webcom.iutlan.univ-rennes1.fr\\\/rozdupont\\\/#primaryimage\"},\"thumbnailUrl\":\"https:\\\/\\\/public.flourish.studio\\\/visualisation\\\/28296687\\\/thumbnail\",\"datePublished\":\"2026-04-01T16:37:51+00:00\",\"dateModified\":\"2026-04-08T12:28:21+00:00\",\"breadcrumb\":{\"@id\":\"https:\\\/\\\/webcom.iutlan.univ-rennes1.fr\\\/rozdupont\\\/#breadcrumb\"},\"inLanguage\":\"fr-FR\",\"potentialAction\":[{\"@type\":\"ReadAction\",\"target\":[\"https:\\\/\\\/webcom.iutlan.univ-rennes1.fr\\\/rozdupont\\\/\"]}]},{\"@type\":\"ImageObject\",\"inLanguage\":\"fr-FR\",\"@id\":\"https:\\\/\\\/webcom.iutlan.univ-rennes1.fr\\\/rozdupont\\\/#primaryimage\",\"url\":\"https:\\\/\\\/public.flourish.studio\\\/visualisation\\\/28296687\\\/thumbnail\",\"contentUrl\":\"https:\\\/\\\/public.flourish.studio\\\/visualisation\\\/28296687\\\/thumbnail\"},{\"@type\":\"BreadcrumbList\",\"@id\":\"https:\\\/\\\/webcom.iutlan.univ-rennes1.fr\\\/rozdupont\\\/#breadcrumb\",\"itemListElement\":[{\"@type\":\"ListItem\",\"position\":1,\"name\":\"Accueil\",\"item\":\"https:\\\/\\\/webcom.iutlan.univ-rennes1.fr\\\/rozdupont\\\/\"},{\"@type\":\"ListItem\",\"position\":2,\"name\":\"Le guide de la programmation musicale des festivals en 2026\"}]},{\"@type\":\"WebSite\",\"@id\":\"https:\\\/\\\/webcom.iutlan.univ-rennes1.fr\\\/rozdupont\\\/#website\",\"url\":\"https:\\\/\\\/webcom.iutlan.univ-rennes1.fr\\\/rozdupont\\\/\",\"name\":\"Ecrits Num\u00e9riques - Rozenn Dupont\",\"description\":\"\",\"potentialAction\":[{\"@type\":\"SearchAction\",\"target\":{\"@type\":\"EntryPoint\",\"urlTemplate\":\"https:\\\/\\\/webcom.iutlan.univ-rennes1.fr\\\/rozdupont\\\/?s={search_term_string}\"},\"query-input\":{\"@type\":\"PropertyValueSpecification\",\"valueRequired\":true,\"valueName\":\"search_term_string\"}}],\"inLanguage\":\"fr-FR\"}]}<\/script>\n<!-- \/ Yoast SEO plugin. -->","yoast_head_json":{"title":"Le guide de la programmation musicale des festivals en 2026 - Ecrits Num\u00e9riques - Rozenn Dupont","robots":{"index":"noindex","follow":"follow","max-snippet":"max-snippet:-1","max-image-preview":"max-image-preview:large","max-video-preview":"max-video-preview:-1"},"og_locale":"fr_FR","og_type":"article","og_title":"Le guide de la programmation musicale des festivals en 2026 - Ecrits Num\u00e9riques - Rozenn Dupont","og_description":"Pr\u00e9voyez vos saison prochain ! Pour vous aider \u00e0 naviguer dans la programmation musicale des festivals en 2026, cette page regroupe les outils essentielles pour vous permettre de trouver vos artistes favoris et localiser les festivals incontournables. 1) Tableau des... Continue Reading &rarr;","og_url":"https:\/\/webcom.iutlan.univ-rennes1.fr\/rozdupont\/","og_site_name":"Ecrits Num\u00e9riques - Rozenn Dupont","article_modified_time":"2026-04-08T12:28:21+00:00","og_image":[{"url":"https:\/\/public.flourish.studio\/visualisation\/28296687\/thumbnail","type":"","width":"","height":""}],"twitter_card":"summary_large_image","twitter_misc":{"Dur\u00e9e de lecture estim\u00e9e":"1 minute"},"schema":{"@context":"https:\/\/schema.org","@graph":[{"@type":"WebPage","@id":"https:\/\/webcom.iutlan.univ-rennes1.fr\/rozdupont\/","url":"https:\/\/webcom.iutlan.univ-rennes1.fr\/rozdupont\/","name":"Le guide de la programmation musicale des festivals en 2026 - Ecrits Num\u00e9riques - Rozenn Dupont","isPartOf":{"@id":"https:\/\/webcom.iutlan.univ-rennes1.fr\/rozdupont\/#website"},"primaryImageOfPage":{"@id":"https:\/\/webcom.iutlan.univ-rennes1.fr\/rozdupont\/#primaryimage"},"image":{"@id":"https:\/\/webcom.iutlan.univ-rennes1.fr\/rozdupont\/#primaryimage"},"thumbnailUrl":"https:\/\/public.flourish.studio\/visualisation\/28296687\/thumbnail","datePublished":"2026-04-01T16:37:51+00:00","dateModified":"2026-04-08T12:28:21+00:00","breadcrumb":{"@id":"https:\/\/webcom.iutlan.univ-rennes1.fr\/rozdupont\/#breadcrumb"},"inLanguage":"fr-FR","potentialAction":[{"@type":"ReadAction","target":["https:\/\/webcom.iutlan.univ-rennes1.fr\/rozdupont\/"]}]},{"@type":"ImageObject","inLanguage":"fr-FR","@id":"https:\/\/webcom.iutlan.univ-rennes1.fr\/rozdupont\/#primaryimage","url":"https:\/\/public.flourish.studio\/visualisation\/28296687\/thumbnail","contentUrl":"https:\/\/public.flourish.studio\/visualisation\/28296687\/thumbnail"},{"@type":"BreadcrumbList","@id":"https:\/\/webcom.iutlan.univ-rennes1.fr\/rozdupont\/#breadcrumb","itemListElement":[{"@type":"ListItem","position":1,"name":"Accueil","item":"https:\/\/webcom.iutlan.univ-rennes1.fr\/rozdupont\/"},{"@type":"ListItem","position":2,"name":"Le guide de la programmation musicale des festivals en 2026"}]},{"@type":"WebSite","@id":"https:\/\/webcom.iutlan.univ-rennes1.fr\/rozdupont\/#website","url":"https:\/\/webcom.iutlan.univ-rennes1.fr\/rozdupont\/","name":"Ecrits Num\u00e9riques - Rozenn Dupont","description":"","potentialAction":[{"@type":"SearchAction","target":{"@type":"EntryPoint","urlTemplate":"https:\/\/webcom.iutlan.univ-rennes1.fr\/rozdupont\/?s={search_term_string}"},"query-input":{"@type":"PropertyValueSpecification","valueRequired":true,"valueName":"search_term_string"}}],"inLanguage":"fr-FR"}]}},"_links":{"self":[{"href":"https:\/\/webcom.iutlan.univ-rennes1.fr\/rozdupont\/wp-json\/wp\/v2\/pages\/879","targetHints":{"allow":["GET"]}}],"collection":[{"href":"https:\/\/webcom.iutlan.univ-rennes1.fr\/rozdupont\/wp-json\/wp\/v2\/pages"}],"about":[{"href":"https:\/\/webcom.iutlan.univ-rennes1.fr\/rozdupont\/wp-json\/wp\/v2\/types\/page"}],"author":[{"embeddable":true,"href":"https:\/\/webcom.iutlan.univ-rennes1.fr\/rozdupont\/wp-json\/wp\/v2\/users\/1"}],"replies":[{"embeddable":true,"href":"https:\/\/webcom.iutlan.univ-rennes1.fr\/rozdupont\/wp-json\/wp\/v2\/comments?post=879"}],"version-history":[{"count":5,"href":"https:\/\/webcom.iutlan.univ-rennes1.fr\/rozdupont\/wp-json\/wp\/v2\/pages\/879\/revisions"}],"predecessor-version":[{"id":891,"href":"https:\/\/webcom.iutlan.univ-rennes1.fr\/rozdupont\/wp-json\/wp\/v2\/pages\/879\/revisions\/891"}],"wp:attachment":[{"href":"https:\/\/webcom.iutlan.univ-rennes1.fr\/rozdupont\/wp-json\/wp\/v2\/media?parent=879"}],"curies":[{"name":"wp","href":"https:\/\/api.w.org\/{rel}","templated":true}]}}