{"id":372,"date":"2026-03-30T17:50:34","date_gmt":"2026-03-30T15:50:34","guid":{"rendered":"https:\/\/webcom.iutlan.univ-rennes1.fr\/mthuillier\/?page_id=372"},"modified":"2026-04-22T21:00:46","modified_gmt":"2026-04-22T19:00:46","slug":"372-2","status":"publish","type":"page","link":"https:\/\/webcom.iutlan.univ-rennes1.fr\/mthuillier\/","title":{"rendered":"Accueil"},"content":{"rendered":"\t\t<div data-elementor-type=\"wp-page\" data-elementor-id=\"372\" class=\"elementor elementor-372\" data-elementor-settings=\"{&quot;ha_cmc_init_switcher&quot;:&quot;no&quot;}\">\n\t\t\t\t<div class=\"elementor-element elementor-element-382086d e-flex e-con-boxed e-con e-parent\" data-id=\"382086d\" data-element_type=\"container\" data-e-type=\"container\" data-settings=\"{&quot;_ha_eqh_enable&quot;:false}\">\n\t\t\t\t\t<div class=\"e-con-inner\">\n\t\t\t\t<div class=\"elementor-element elementor-element-bc68c72 elementor-widget elementor-widget-heading\" data-id=\"bc68c72\" data-element_type=\"widget\" data-e-type=\"widget\" data-widget_type=\"heading.default\">\n\t\t\t\t<div class=\"elementor-widget-container\">\n\t\t\t\t\t<h2 class=\"elementor-heading-title elementor-size-default\">Les Festival musicaux de l'ete 2026<\/h2>\t\t\t\t<\/div>\n\t\t\t\t<\/div>\n\t\t\t\t<div class=\"elementor-element elementor-element-8e54a6e elementor-widget elementor-widget-heading\" data-id=\"8e54a6e\" data-element_type=\"widget\" data-e-type=\"widget\" data-widget_type=\"heading.default\">\n\t\t\t\t<div class=\"elementor-widget-container\">\n\t\t\t\t\t<h4 class=\"elementor-heading-title elementor-size-default\">L\u2019\u00e9t\u00e9 approche, les sc\u00e8nes s\u2019installent, les lumi\u00e8res s\u2019allument et la France enti\u00e8re se transforme en immense terrain de f\u00eate. Des plages de l\u2019Atlantique aux montagnes des Alpes, des grandes villes aux villages les plus festifs, les festivals de musique rassemblent chaque ann\u00e9e des milliers de passionn\u00e9s autour d\u2019une m\u00eame envie : partager des \u00e9motions en live.<\/h4>\t\t\t\t<\/div>\n\t\t\t\t<\/div>\n\t\t\t\t\t<\/div>\n\t\t\t\t<\/div>\n\t\t<div class=\"elementor-element elementor-element-0ba70d7 e-flex e-con-boxed e-con e-parent\" data-id=\"0ba70d7\" data-element_type=\"container\" data-e-type=\"container\" data-settings=\"{&quot;_ha_eqh_enable&quot;:false}\">\n\t\t\t\t\t<div class=\"e-con-inner\">\n\t\t\t\t<div class=\"elementor-element elementor-element-5376842 elementor-widget elementor-widget-heading\" data-id=\"5376842\" data-element_type=\"widget\" data-e-type=\"widget\" data-widget_type=\"heading.default\">\n\t\t\t\t<div class=\"elementor-widget-container\">\n\t\t\t\t\t<h2 class=\"elementor-heading-title elementor-size-default\">Bienvenue sur votre guide des festivals musicaux en France. <br><br>Ce site r\u00e9f\u00e9rence les plus grands \u00e9v\u00e9nements comme les p\u00e9pites incontournables \u00e0 d\u00e9couvrir, en les classant g\u00e9ographiquement et par genre musical. Que vous soyez amateur de rock, de pop, de rap, de reggae, d\u2019\u00e9lectro ou de musiques du monde, trouvez facilement les festivals qui correspondent \u00e0 vos go\u00fbts et \u00e0 votre r\u00e9gion.<br><p data-start=\"846\" data-end=\"1051\"><\/p><br>Retrouvez \u00e9galement des <span data-start=\"1125\" data-end=\"1168\">articles d\u00e9di\u00e9s aux artistes programm\u00e9s<\/span>, class\u00e9s par univers musical. D\u00e9couvrez les t\u00eates d\u2019affiche du moment, les talents \u00e9mergents, les groupes cultes \u00e0 ne pas manquer et les performances qui feront vibrer l\u2019\u00e9t\u00e9.<\/h2>\t\t\t\t<\/div>\n\t\t\t\t<\/div>\n\t\t\t\t\t<\/div>\n\t\t\t\t<\/div>\n\t\t<div class=\"elementor-element elementor-element-cfa8e78 e-flex e-con-boxed e-con e-parent\" data-id=\"cfa8e78\" data-element_type=\"container\" data-e-type=\"container\" data-settings=\"{&quot;_ha_eqh_enable&quot;:false}\">\n\t\t\t\t\t<div class=\"e-con-inner\">\n\t\t\t\t<div class=\"elementor-element elementor-element-3b8b736 elementor-widget elementor-widget-heading\" data-id=\"3b8b736\" data-element_type=\"widget\" data-e-type=\"widget\" data-widget_type=\"heading.default\">\n\t\t\t\t<div class=\"elementor-widget-container\">\n\t\t\t\t\t<h2 class=\"elementor-heading-title elementor-size-default\">D\u00e9couvrez sur cette carte les diff\u00e9rents festivals et leur localisations <\/h2>\t\t\t\t<\/div>\n\t\t\t\t<\/div>\n\t\t\t\t\t<\/div>\n\t\t\t\t<\/div>\n\t\t<div class=\"elementor-element elementor-element-27e90b7f e-flex e-con-boxed e-con e-parent\" data-id=\"27e90b7f\" data-element_type=\"container\" data-e-type=\"container\" data-settings=\"{&quot;_ha_eqh_enable&quot;:false}\">\n\t\t\t\t\t<div class=\"e-con-inner\">\n\t\t\t\t<div class=\"elementor-element elementor-element-35b6454e elementor-widget elementor-widget-text-editor\" data-id=\"35b6454e\" data-element_type=\"widget\" data-e-type=\"widget\" data-widget_type=\"text-editor.default\">\n\t\t\t\t<div class=\"elementor-widget-container\">\n\t\t\t\t\t\t\t\t\t\n<div class=\"flourish-embed flourish-chart\" data-src=\"visualisation\/28299537\"><script src=\"https:\/\/public.flourish.studio\/resources\/embed.js\"><\/script><noscript><img decoding=\"async\" src=\"https:\/\/public.flourish.studio\/visualisation\/28299537\/thumbnail\" width=\"100%\" alt=\"visualization\" \/><\/noscript><\/div>\n\n<div style=\"display: flex; flex-direction: column; align-items: center;\"><iframe style=\"width: 100%; max-width: 800px; height: 700px; border: 0;\" src=\"\/\/umap.openstreetmap.fr\/fr\/map\/carte-des-festival-en-france_1385383?scaleControl=false&amp;miniMap=false&amp;scrollWheelZoom=false&amp;zoomControl=true&amp;editMode=disabled&amp;moreControl=true&amp;searchControl=null&amp;tilelayersControl=null&amp;embedControl=null&amp;datalayersControl=true&amp;onLoadPanel=none&amp;captionBar=false&amp;captionMenus=true\" allowfullscreen=\"allowfullscreen\">\n  <\/iframe>\n<p style=\"text-align: center; margin-top: 8px;\"><a href=\"\/\/umap.openstreetmap.fr\/fr\/map\/carte-des-festival-en-france_1385383?scaleControl=false&amp;miniMap=false&amp;scrollWheelZoom=true&amp;zoomControl=true&amp;editMode=disabled&amp;moreControl=true&amp;searchControl=null&amp;tilelayersControl=null&amp;embedControl=null&amp;datalayersControl=true&amp;onLoadPanel=none&amp;captionBar=false&amp;captionMenus=true\" target=\"_blank\" rel=\"noopener\"> Voir en plein \u00e9cran<\/a><\/p>\n<\/div>\n\t\t\t\t\t\t\t\t<\/div>\n\t\t\t\t<\/div>\n\t\t\t\t\t<\/div>\n\t\t\t\t<\/div>\n\t\t\t\t<\/div>\n\t\t","protected":false},"excerpt":{"rendered":"<p>Les Festival musicaux de l&rsquo;ete 2026 L\u2019\u00e9t\u00e9 approche, les sc\u00e8nes s\u2019installent, les lumi\u00e8res s\u2019allument et la France enti\u00e8re se transforme en immense terrain de f\u00eate. Des plages de l\u2019Atlantique aux montagnes des Alpes, des grandes villes aux villages les plus&#8230; <a class=\"more-link\" href=\"https:\/\/webcom.iutlan.univ-rennes1.fr\/mthuillier\/\">Continue Reading &rarr;<\/a><\/p>\n","protected":false},"author":1,"featured_media":0,"parent":0,"menu_order":0,"comment_status":"closed","ping_status":"closed","template":"elementor_header_footer","meta":{"footnotes":""},"class_list":["post-372","page","type-page","status-publish","hentry"],"_links":{"self":[{"href":"https:\/\/webcom.iutlan.univ-rennes1.fr\/mthuillier\/wp-json\/wp\/v2\/pages\/372","targetHints":{"allow":["GET"]}}],"collection":[{"href":"https:\/\/webcom.iutlan.univ-rennes1.fr\/mthuillier\/wp-json\/wp\/v2\/pages"}],"about":[{"href":"https:\/\/webcom.iutlan.univ-rennes1.fr\/mthuillier\/wp-json\/wp\/v2\/types\/page"}],"author":[{"embeddable":true,"href":"https:\/\/webcom.iutlan.univ-rennes1.fr\/mthuillier\/wp-json\/wp\/v2\/users\/1"}],"replies":[{"embeddable":true,"href":"https:\/\/webcom.iutlan.univ-rennes1.fr\/mthuillier\/wp-json\/wp\/v2\/comments?post=372"}],"version-history":[{"count":43,"href":"https:\/\/webcom.iutlan.univ-rennes1.fr\/mthuillier\/wp-json\/wp\/v2\/pages\/372\/revisions"}],"predecessor-version":[{"id":5745,"href":"https:\/\/webcom.iutlan.univ-rennes1.fr\/mthuillier\/wp-json\/wp\/v2\/pages\/372\/revisions\/5745"}],"wp:attachment":[{"href":"https:\/\/webcom.iutlan.univ-rennes1.fr\/mthuillier\/wp-json\/wp\/v2\/media?parent=372"}],"curies":[{"name":"wp","href":"https:\/\/api.w.org\/{rel}","templated":true}]}}