{"id":5783,"date":"2026-04-15T21:52:02","date_gmt":"2026-04-15T19:52:02","guid":{"rendered":"https:\/\/webcom.iutlan.univ-rennes1.fr\/lolhostis\/?page_id=5783"},"modified":"2026-04-15T22:03:48","modified_gmt":"2026-04-15T20:03:48","slug":"carte-des-festivals-de-france-2026","status":"publish","type":"page","link":"https:\/\/webcom.iutlan.univ-rennes1.fr\/lolhostis\/","title":{"rendered":"Carte des festivals de France 2026"},"content":{"rendered":"\n<p>Explorez en un clin d&rsquo;oeil toute le sc\u00e8ne des festivals fran\u00e7ais gr\u00e2ce \u00e0 une carte interactive pens\u00e9e pour les passionn\u00e9s de musique. Elle recense les rendez-vous incontournables de la saison avec, pour chacun, les informations cl\u00e9s : p\u00e9riodes, localisation, lien vers la billetterie. Un outil pratique pour organiser vos sorties !<\/p>\n\n\n\n<iframe style=\"width: 100%; height: 700px; border: 0;\" allowfullscreen allow=\"geolocation\" src=\"\/\/umap.openstreetmap.fr\/fr\/map\/festivals-2026_1391838?scaleControl=false&#038;miniMap=false&#038;scrollWheelZoom=false&#038;zoomControl=true&#038;editMode=disabled&#038;moreControl=true&#038;searchControl=null&#038;tilelayersControl=false&#038;embedControl=false&#038;datalayersControl=false&#038;onLoadPanel=none&#038;captionBar=false&#038;captionMenus=true&#038;captionControl=false&#038;locateControl=false&#038;measureControl=false&#038;printControl=false\"><\/iframe>\n","protected":false},"excerpt":{"rendered":"<p>Explorez en un clin d&rsquo;oeil toute le sc\u00e8ne des festivals fran\u00e7ais gr\u00e2ce \u00e0 une carte interactive pens\u00e9e pour les passionn\u00e9s de musique. Elle recense les rendez-vous incontournables de la saison avec, pour chacun, les informations cl\u00e9s : p\u00e9riodes, localisation, lien vers la billetterie. Un outil pratique pour organiser vos sorties !<\/p>\n","protected":false},"author":1,"featured_media":0,"parent":0,"menu_order":0,"comment_status":"closed","ping_status":"closed","template":"","meta":{"inspiro_hide_title":false,"footnotes":""},"class_list":["post-5783","page","type-page","status-publish","hentry"],"_links":{"self":[{"href":"https:\/\/webcom.iutlan.univ-rennes1.fr\/lolhostis\/wp-json\/wp\/v2\/pages\/5783","targetHints":{"allow":["GET"]}}],"collection":[{"href":"https:\/\/webcom.iutlan.univ-rennes1.fr\/lolhostis\/wp-json\/wp\/v2\/pages"}],"about":[{"href":"https:\/\/webcom.iutlan.univ-rennes1.fr\/lolhostis\/wp-json\/wp\/v2\/types\/page"}],"author":[{"embeddable":true,"href":"https:\/\/webcom.iutlan.univ-rennes1.fr\/lolhostis\/wp-json\/wp\/v2\/users\/1"}],"replies":[{"embeddable":true,"href":"https:\/\/webcom.iutlan.univ-rennes1.fr\/lolhostis\/wp-json\/wp\/v2\/comments?post=5783"}],"version-history":[{"count":4,"href":"https:\/\/webcom.iutlan.univ-rennes1.fr\/lolhostis\/wp-json\/wp\/v2\/pages\/5783\/revisions"}],"predecessor-version":[{"id":5789,"href":"https:\/\/webcom.iutlan.univ-rennes1.fr\/lolhostis\/wp-json\/wp\/v2\/pages\/5783\/revisions\/5789"}],"wp:attachment":[{"href":"https:\/\/webcom.iutlan.univ-rennes1.fr\/lolhostis\/wp-json\/wp\/v2\/media?parent=5783"}],"curies":[{"name":"wp","href":"https:\/\/api.w.org\/{rel}","templated":true}]}}