{"id":5752,"date":"2026-04-08T16:45:26","date_gmt":"2026-04-08T14:45:26","guid":{"rendered":"https:\/\/webcom.iutlan.univ-rennes1.fr\/laforet\/?page_id=5752"},"modified":"2026-04-08T16:45:26","modified_gmt":"2026-04-08T14:45:26","slug":"cap-sur-votre-prochain-festival","status":"publish","type":"page","link":"https:\/\/webcom.iutlan.univ-rennes1.fr\/laforet\/","title":{"rendered":"CAP SUR VOTRE PROCHAIN FESTIVAL"},"content":{"rendered":"\n<p>Ne manquez plus aucun  festivals en France. Explorez notre carte interactive pour localiser vos prochaines sorties et retrouver toutes les infos pratiques de chaque festival en un clin d\u2019\u0153il. Du rap au rock, de la pop \u00e0 l&rsquo;\u00e9lectro, plongez aussi dans l&rsquo;univers des artistes programm\u00e9s. Toute la sc\u00e8ne fran\u00e7aise est \u00e0 port\u00e9e de clic. <\/p>\n\n\n\n<iframe style=\"width: 100%; height: 900px; border: 0;\" allowfullscreen allow=\"geolocation\" src=\"\/\/umap.openstreetmap.fr\/fr\/map\/cartographie-des-festivals-en-france_1385515?scaleControl=false&#038;miniMap=false&#038;scrollWheelZoom=false&#038;zoomControl=true&#038;editMode=disabled&#038;moreControl=true&#038;searchControl=null&#038;tilelayersControl=null&#038;embedControl=null&#038;datalayersControl=true&#038;onLoadPanel=none&#038;captionBar=false&#038;captionMenus=true\"><\/iframe><p><a href=\"\/\/umap.openstreetmap.fr\/fr\/map\/cartographie-des-festivals-en-france_1385515?scaleControl=false&#038;miniMap=false&#038;scrollWheelZoom=true&#038;zoomControl=true&#038;editMode=disabled&#038;moreControl=true&#038;searchControl=null&#038;tilelayersControl=null&#038;embedControl=null&#038;datalayersControl=true&#038;onLoadPanel=none&#038;captionBar=false&#038;captionMenus=true\">Voir en plein \u00e9cran<\/a><\/p>\n\n\n\n<div class=\"wp-block-group is-nowrap is-layout-flex wp-container-core-group-is-layout-ad2f72ca wp-block-group-is-layout-flex\">\n<figure class=\"wp-block-image size-full\"><img fetchpriority=\"high\" decoding=\"async\" width=\"960\" height=\"640\" src=\"https:\/\/webcom.iutlan.univ-rennes1.fr\/laforet\/wp-content\/uploads\/2026\/04\/marsatac-festival-main-stage-view.jpg\" alt=\"\" class=\"wp-image-5753\" srcset=\"https:\/\/webcom.iutlan.univ-rennes1.fr\/laforet\/wp-content\/uploads\/2026\/04\/marsatac-festival-main-stage-view.jpg 960w, https:\/\/webcom.iutlan.univ-rennes1.fr\/laforet\/wp-content\/uploads\/2026\/04\/marsatac-festival-main-stage-view-300x200.jpg 300w, https:\/\/webcom.iutlan.univ-rennes1.fr\/laforet\/wp-content\/uploads\/2026\/04\/marsatac-festival-main-stage-view-768x512.jpg 768w\" sizes=\"(max-width: 709px) 85vw, (max-width: 909px) 67vw, (max-width: 1362px) 62vw, 840px\" \/><figcaption class=\"wp-element-caption\">Marsatac \u00e0 Marseille<\/figcaption><\/figure>\n\n\n\n<figure class=\"wp-block-image size-large\"><img decoding=\"async\" width=\"1024\" height=\"532\" src=\"https:\/\/webcom.iutlan.univ-rennes1.fr\/laforet\/wp-content\/uploads\/2026\/04\/de69cfd93d7259e0708933b32ab6c2feff96a826-1040x540-outbound-1024x532.png\" alt=\"\" class=\"wp-image-5754\" srcset=\"https:\/\/webcom.iutlan.univ-rennes1.fr\/laforet\/wp-content\/uploads\/2026\/04\/de69cfd93d7259e0708933b32ab6c2feff96a826-1040x540-outbound-1024x532.png 1024w, https:\/\/webcom.iutlan.univ-rennes1.fr\/laforet\/wp-content\/uploads\/2026\/04\/de69cfd93d7259e0708933b32ab6c2feff96a826-1040x540-outbound-300x156.png 300w, https:\/\/webcom.iutlan.univ-rennes1.fr\/laforet\/wp-content\/uploads\/2026\/04\/de69cfd93d7259e0708933b32ab6c2feff96a826-1040x540-outbound-768x399.png 768w, https:\/\/webcom.iutlan.univ-rennes1.fr\/laforet\/wp-content\/uploads\/2026\/04\/de69cfd93d7259e0708933b32ab6c2feff96a826-1040x540-outbound.png 1040w\" sizes=\"(max-width: 709px) 85vw, (max-width: 909px) 67vw, (max-width: 1362px) 62vw, 840px\" \/><figcaption class=\"wp-element-caption\">Papillons de Nuits 2025<\/figcaption><\/figure>\n\n\n\n<figure class=\"wp-block-image size-large\"><img decoding=\"async\" width=\"1024\" height=\"532\" src=\"https:\/\/webcom.iutlan.univ-rennes1.fr\/laforet\/wp-content\/uploads\/2026\/04\/b10256f88ec0a9bed9ee9dae0e9b5ed66f675339-1040x540-outbound-1024x532.jpg\" alt=\"\" class=\"wp-image-5755\" srcset=\"https:\/\/webcom.iutlan.univ-rennes1.fr\/laforet\/wp-content\/uploads\/2026\/04\/b10256f88ec0a9bed9ee9dae0e9b5ed66f675339-1040x540-outbound-1024x532.jpg 1024w, https:\/\/webcom.iutlan.univ-rennes1.fr\/laforet\/wp-content\/uploads\/2026\/04\/b10256f88ec0a9bed9ee9dae0e9b5ed66f675339-1040x540-outbound-300x156.jpg 300w, https:\/\/webcom.iutlan.univ-rennes1.fr\/laforet\/wp-content\/uploads\/2026\/04\/b10256f88ec0a9bed9ee9dae0e9b5ed66f675339-1040x540-outbound-768x399.jpg 768w, https:\/\/webcom.iutlan.univ-rennes1.fr\/laforet\/wp-content\/uploads\/2026\/04\/b10256f88ec0a9bed9ee9dae0e9b5ed66f675339-1040x540-outbound.jpg 1040w\" sizes=\"(max-width: 709px) 85vw, (max-width: 909px) 67vw, (max-width: 1362px) 62vw, 840px\" \/><figcaption class=\"wp-element-caption\">Bobital, \u00e9dition 2024<\/figcaption><\/figure>\n\n\n\n<p><\/p>\n<\/div>\n\n\n\n<p><\/p>\n","protected":false},"excerpt":{"rendered":"<p>Ne manquez plus aucun festivals en France. Explorez notre carte interactive pour localiser vos prochaines sorties et retrouver toutes les infos pratiques de chaque festival en un clin d\u2019\u0153il. Du rap au rock, de la pop \u00e0 l&rsquo;\u00e9lectro, plongez aussi dans l&rsquo;univers des artistes programm\u00e9s. Toute la sc\u00e8ne fran\u00e7aise est \u00e0 port\u00e9e de clic. Voir &hellip; <a href=\"https:\/\/webcom.iutlan.univ-rennes1.fr\/laforet\/\" class=\"more-link\">Continuer la lecture<span class=\"screen-reader-text\"> de &laquo;&nbsp;CAP SUR VOTRE PROCHAIN FESTIVAL&nbsp;&raquo;<\/span><\/a><\/p>\n","protected":false},"author":1,"featured_media":0,"parent":0,"menu_order":0,"comment_status":"closed","ping_status":"closed","template":"","meta":{"footnotes":""},"class_list":["post-5752","page","type-page","status-publish","hentry"],"_links":{"self":[{"href":"https:\/\/webcom.iutlan.univ-rennes1.fr\/laforet\/wp-json\/wp\/v2\/pages\/5752","targetHints":{"allow":["GET"]}}],"collection":[{"href":"https:\/\/webcom.iutlan.univ-rennes1.fr\/laforet\/wp-json\/wp\/v2\/pages"}],"about":[{"href":"https:\/\/webcom.iutlan.univ-rennes1.fr\/laforet\/wp-json\/wp\/v2\/types\/page"}],"author":[{"embeddable":true,"href":"https:\/\/webcom.iutlan.univ-rennes1.fr\/laforet\/wp-json\/wp\/v2\/users\/1"}],"replies":[{"embeddable":true,"href":"https:\/\/webcom.iutlan.univ-rennes1.fr\/laforet\/wp-json\/wp\/v2\/comments?post=5752"}],"version-history":[{"count":1,"href":"https:\/\/webcom.iutlan.univ-rennes1.fr\/laforet\/wp-json\/wp\/v2\/pages\/5752\/revisions"}],"predecessor-version":[{"id":5756,"href":"https:\/\/webcom.iutlan.univ-rennes1.fr\/laforet\/wp-json\/wp\/v2\/pages\/5752\/revisions\/5756"}],"wp:attachment":[{"href":"https:\/\/webcom.iutlan.univ-rennes1.fr\/laforet\/wp-json\/wp\/v2\/media?parent=5752"}],"curies":[{"name":"wp","href":"https:\/\/api.w.org\/{rel}","templated":true}]}}