{"id":5709,"date":"2026-04-29T16:54:56","date_gmt":"2026-04-29T14:54:56","guid":{"rendered":"https:\/\/webcom.iutlan.univ-rennes1.fr\/juliriviere\/?page_id=5709"},"modified":"2026-04-29T17:05:33","modified_gmt":"2026-04-29T15:05:33","slug":"elementor-5709","status":"publish","type":"page","link":"https:\/\/webcom.iutlan.univ-rennes1.fr\/juliriviere\/elementor-5709\/","title":{"rendered":"Elementor #5709"},"content":{"rendered":"\t\t<div data-elementor-type=\"wp-post\" data-elementor-id=\"5709\" class=\"elementor elementor-5709\" data-elementor-settings=\"{&quot;ha_cmc_init_switcher&quot;:&quot;no&quot;}\">\n\t\t\t\t<div class=\"elementor-element elementor-element-b02eb0c e-flex e-con-boxed e-con e-parent\" data-id=\"b02eb0c\" data-element_type=\"container\" data-e-type=\"container\" data-settings=\"{&quot;_ha_eqh_enable&quot;:false}\">\n\t\t\t\t\t<div class=\"e-con-inner\">\n\t\t\t\t<div class=\"elementor-element elementor-element-103aed8 elementor-widget elementor-widget-text-editor\" data-id=\"103aed8\" data-element_type=\"widget\" data-e-type=\"widget\" data-widget_type=\"text-editor.default\">\n\t\t\t\t<div class=\"elementor-widget-container\">\n\t\t\t\t\t\t\t\t\t<p>Explorez, d\u00e9couvrez, connectez.\u00a0<span style=\"font-family: var( --e-global-typography-text-font-family ), Sans-serif; text-align: var(--text-align); font-size: 1.0625rem;\">Le site regroupe des lieux et des artistes \u00e0 travers une carte interactive et des contenus clairs pour vous aider \u00e0 trouver rapidement ce que vous cherchez. Vous vous posez des questions et vous voulez avoir des r\u00e9ponses, n&rsquo;attendez plus nous sommes ici pour y r\u00e9pondre.\u00a0<\/span><\/p>\t\t\t\t\t\t\t\t<\/div>\n\t\t\t\t<\/div>\n\t\t\t\t\t<\/div>\n\t\t\t\t<\/div>\n\t\t<div class=\"elementor-element elementor-element-1afa3bc e-flex e-con-boxed e-con e-parent\" data-id=\"1afa3bc\" data-element_type=\"container\" data-e-type=\"container\" data-settings=\"{&quot;_ha_eqh_enable&quot;:false}\">\n\t\t\t\t\t<div class=\"e-con-inner\">\n\t\t\t\t<div class=\"elementor-element elementor-element-418fcf4 elementor-widget elementor-widget-heading\" data-id=\"418fcf4\" data-element_type=\"widget\" data-e-type=\"widget\" data-widget_type=\"heading.default\">\n\t\t\t\t<div class=\"elementor-widget-container\">\n\t\t\t\t\t<h2 class=\"elementor-heading-title elementor-size-default\">Les lieux de festivals o\u00f9 l'on peut aller en France <\/h2>\t\t\t\t<\/div>\n\t\t\t\t<\/div>\n\t\t\t\t\t<\/div>\n\t\t\t\t<\/div>\n\t\t<div class=\"elementor-element elementor-element-dbf9bef e-flex e-con-boxed e-con e-parent\" data-id=\"dbf9bef\" data-element_type=\"container\" data-e-type=\"container\" data-settings=\"{&quot;_ha_eqh_enable&quot;:false}\">\n\t\t\t\t\t<div class=\"e-con-inner\">\n\t\t\t\t<div class=\"elementor-element elementor-element-adeadda elementor-widget elementor-widget-html\" data-id=\"adeadda\" data-element_type=\"widget\" data-e-type=\"widget\" data-widget_type=\"html.default\">\n\t\t\t\t<div class=\"elementor-widget-container\">\n\t\t\t\t\t<iframe style=\"width: 100%; height: 300px; border: 0;\" allowfullscreen allow=\"geolocation\" src=\"\/\/umap.openstreetmap.fr\/fr\/map\/festival-en-france_1385409?scaleControl=false&miniMap=false&scrollWheelZoom=false&zoomControl=true&editMode=disabled&moreControl=true&searchControl=null&tilelayersControl=null&embedControl=null&datalayersControl=true&onLoadPanel=none&captionBar=false&captionMenus=true\"><\/iframe><p><a href=\"\/\/umap.openstreetmap.fr\/fr\/map\/festival-en-france_1385409?scaleControl=false&miniMap=false&scrollWheelZoom=true&zoomControl=true&editMode=disabled&moreControl=true&searchControl=null&tilelayersControl=null&embedControl=null&datalayersControl=true&onLoadPanel=none&captionBar=false&captionMenus=true\">Voir en plein \u00e9cran<\/a><\/p>\t\t\t\t<\/div>\n\t\t\t\t<\/div>\n\t\t\t\t\t<\/div>\n\t\t\t\t<\/div>\n\t\t<div class=\"elementor-element elementor-element-e238c78 e-flex e-con-boxed e-con e-parent\" data-id=\"e238c78\" data-element_type=\"container\" data-e-type=\"container\" data-settings=\"{&quot;_ha_eqh_enable&quot;:false}\">\n\t\t\t\t\t<div class=\"e-con-inner\">\n\t\t\t\t<div class=\"elementor-element elementor-element-517b786 elementor-widget elementor-widget-heading\" data-id=\"517b786\" data-element_type=\"widget\" data-e-type=\"widget\" data-widget_type=\"heading.default\">\n\t\t\t\t<div class=\"elementor-widget-container\">\n\t\t\t\t\t<h2 class=\"elementor-heading-title elementor-size-default\">Nos artistes en image <\/h2>\t\t\t\t<\/div>\n\t\t\t\t<\/div>\n\t\t\t\t\t<\/div>\n\t\t\t\t<\/div>\n\t\t<div class=\"elementor-element elementor-element-3d35b0d e-flex e-con-boxed e-con e-parent\" data-id=\"3d35b0d\" data-element_type=\"container\" data-e-type=\"container\" data-settings=\"{&quot;background_background&quot;:&quot;slideshow&quot;,&quot;background_slideshow_gallery&quot;:[{&quot;id&quot;:5711,&quot;url&quot;:&quot;https:\\\/\\\/webcom.iutlan.univ-rennes1.fr\\\/juliriviere\\\/wp-content\\\/uploads\\\/2026\\\/04\\\/Capture-decran-2026-04-29-a-16.51.50.png&quot;},{&quot;id&quot;:5713,&quot;url&quot;:&quot;https:\\\/\\\/webcom.iutlan.univ-rennes1.fr\\\/juliriviere\\\/wp-content\\\/uploads\\\/2026\\\/04\\\/Capture-decran-2026-04-29-a-16.47.20.png&quot;},{&quot;id&quot;:5714,&quot;url&quot;:&quot;https:\\\/\\\/webcom.iutlan.univ-rennes1.fr\\\/juliriviere\\\/wp-content\\\/uploads\\\/2026\\\/04\\\/Capture-decran-2026-04-29-a-16.47.03.png&quot;}],&quot;background_slideshow_loop&quot;:&quot;yes&quot;,&quot;background_slideshow_slide_duration&quot;:5000,&quot;background_slideshow_slide_transition&quot;:&quot;fade&quot;,&quot;background_slideshow_transition_duration&quot;:500,&quot;_ha_eqh_enable&quot;:false}\">\n\t\t\t\t\t<div class=\"e-con-inner\">\n\t\t\t\t\t<\/div>\n\t\t\t\t<\/div>\n\t\t\t\t<\/div>\n\t\t","protected":false},"excerpt":{"rendered":"<p>Explorez, d\u00e9couvrez, connectez.\u00a0Le site regroupe des lieux et des artistes \u00e0 travers une carte interactive et des contenus clairs pour vous aider \u00e0 trouver rapidement [&#8230;]<\/p>\n","protected":false},"author":1,"featured_media":0,"parent":0,"menu_order":0,"comment_status":"closed","ping_status":"closed","template":"","meta":{"footnotes":""},"class_list":["post-5709","page","type-page","status-publish","hentry"],"_links":{"self":[{"href":"https:\/\/webcom.iutlan.univ-rennes1.fr\/juliriviere\/wp-json\/wp\/v2\/pages\/5709","targetHints":{"allow":["GET"]}}],"collection":[{"href":"https:\/\/webcom.iutlan.univ-rennes1.fr\/juliriviere\/wp-json\/wp\/v2\/pages"}],"about":[{"href":"https:\/\/webcom.iutlan.univ-rennes1.fr\/juliriviere\/wp-json\/wp\/v2\/types\/page"}],"author":[{"embeddable":true,"href":"https:\/\/webcom.iutlan.univ-rennes1.fr\/juliriviere\/wp-json\/wp\/v2\/users\/1"}],"replies":[{"embeddable":true,"href":"https:\/\/webcom.iutlan.univ-rennes1.fr\/juliriviere\/wp-json\/wp\/v2\/comments?post=5709"}],"version-history":[{"count":7,"href":"https:\/\/webcom.iutlan.univ-rennes1.fr\/juliriviere\/wp-json\/wp\/v2\/pages\/5709\/revisions"}],"predecessor-version":[{"id":5724,"href":"https:\/\/webcom.iutlan.univ-rennes1.fr\/juliriviere\/wp-json\/wp\/v2\/pages\/5709\/revisions\/5724"}],"wp:attachment":[{"href":"https:\/\/webcom.iutlan.univ-rennes1.fr\/juliriviere\/wp-json\/wp\/v2\/media?parent=5709"}],"curies":[{"name":"wp","href":"https:\/\/api.w.org\/{rel}","templated":true}]}}