{"id":153,"date":"2026-01-26T16:16:45","date_gmt":"2026-01-26T15:16:45","guid":{"rendered":"https:\/\/webcom.iutlan.univ-rennes1.fr\/echevanche\/?page_id=153"},"modified":"2026-01-26T16:16:45","modified_gmt":"2026-01-26T15:16:45","slug":"allianz-mise-sur-le-serieux-pour-se-demarquer","status":"publish","type":"page","link":"https:\/\/webcom.iutlan.univ-rennes1.fr\/echevanche\/allianz-mise-sur-le-serieux-pour-se-demarquer\/","title":{"rendered":"Allianz mise sur le s\u00e9rieux pour se d\u00e9marquer"},"content":{"rendered":"\n<p>Allianz France a lanc\u00e9 une nouvelle campagne publicitaire imagin\u00e9e par l\u2019agence Buzzman, diffus\u00e9e \u00e0 partir du 25 janvier \u00e0 la t\u00e9l\u00e9vision, sur le digital, en affichage et sur les r\u00e9seaux sociaux. Contrairement aux publicit\u00e9s d\u2019assurance souvent humoristiques ou d\u00e9cal\u00e9es, la marque choisit ici de mettre en avant le s\u00e9rieux, un trait g\u00e9n\u00e9ralement per\u00e7u comme ennuyeux, mais qu\u2019Allianz transforme en v\u00e9ritable atout et signe de confiance.<\/p>\n\n\n\n<p><a href=\"https:\/\/jai-un-pote-dans-la.com\/buzzman-campagne-allianz\/\">J\u2019ai choisi cet article <\/a>car il montre une strat\u00e9gie de communication diff\u00e9rente de celles que l\u2019on voit habituellement dans le secteur de l\u2019assurance. Plut\u00f4t que de chercher \u00e0 para\u00eetre \u00ab cool \u00bb ou amusante, Allianz assume pleinement son image s\u00e9rieuse tout en essayant de moderniser son discours et de se rapprocher de ses clients.<\/p>\n\n\n\n<p>Cette campagne montre que les marques peuvent aujourd\u2019hui se d\u00e9marquer en restant fid\u00e8les \u00e0 leur identit\u00e9. \u00c0 travers des films mettant en sc\u00e8ne des personnages excessivement s\u00e9rieux dans la vie quotidienne, la publicit\u00e9 d\u00e9tourne ce d\u00e9faut pour en faire une qualit\u00e9 une fois dans le cadre professionnel. Cela permet \u00e0 Allianz de renforcer son image de marque tout en restant accessible et plus sympathique aupr\u00e8s du public.<\/p>\n\n\n\n<p>Cette strat\u00e9gie peut \u00eatre mise en lien avec<a href=\"https:\/\/supernovawaalaxynewsletter.substack.com\/p\/top-7-des-nouveaux-comportements\"> un article sur les comportement des consommateurs <\/a>, qui explique que \u00ab Une \u00e9tude r\u00e9cente montre que 86 % des consommateurs pr\u00e9f\u00e8rent acheter aupr\u00e8s de marques authentiques\u00bb. En mettant en avant son s\u00e9rieux plut\u00f4t que de le cacher, Allianz renforce la confiance et montre que la publicit\u00e9 peut aussi reposer sur la cr\u00e9dibilit\u00e9 plut\u00f4t que uniquement sur l\u2019humour ou le divertissement.<\/p>\n\n\n\n<p>*<\/p>\n","protected":false},"excerpt":{"rendered":"<p>Allianz France a lanc\u00e9 une nouvelle campagne publicitaire imagin\u00e9e par l\u2019agence Buzzman, diffus\u00e9e \u00e0 partir du 25 janvier \u00e0 la t\u00e9l\u00e9vision, sur le digital, en affichage et sur les r\u00e9seaux sociaux. Contrairement aux publicit\u00e9s d\u2019assurance souvent humoristiques ou d\u00e9cal\u00e9es, la marque choisit ici de mettre en avant le s\u00e9rieux, un trait g\u00e9n\u00e9ralement per\u00e7u comme ennuyeux, &hellip; <\/p>\n<p class=\"link-more\"><a href=\"https:\/\/webcom.iutlan.univ-rennes1.fr\/echevanche\/allianz-mise-sur-le-serieux-pour-se-demarquer\/\" class=\"more-link\">Lire la suite de<span class=\"screen-reader-text\">\u00ab\u00a0Allianz mise sur le s\u00e9rieux pour se d\u00e9marquer\u00a0\u00bb<\/span><\/a><\/p>\n","protected":false},"author":1,"featured_media":0,"parent":0,"menu_order":0,"comment_status":"closed","ping_status":"closed","template":"","meta":{"inspiro_hide_title":false,"footnotes":""},"class_list":["post-153","page","type-page","status-publish","hentry"],"_links":{"self":[{"href":"https:\/\/webcom.iutlan.univ-rennes1.fr\/echevanche\/wp-json\/wp\/v2\/pages\/153","targetHints":{"allow":["GET"]}}],"collection":[{"href":"https:\/\/webcom.iutlan.univ-rennes1.fr\/echevanche\/wp-json\/wp\/v2\/pages"}],"about":[{"href":"https:\/\/webcom.iutlan.univ-rennes1.fr\/echevanche\/wp-json\/wp\/v2\/types\/page"}],"author":[{"embeddable":true,"href":"https:\/\/webcom.iutlan.univ-rennes1.fr\/echevanche\/wp-json\/wp\/v2\/users\/1"}],"replies":[{"embeddable":true,"href":"https:\/\/webcom.iutlan.univ-rennes1.fr\/echevanche\/wp-json\/wp\/v2\/comments?post=153"}],"version-history":[{"count":1,"href":"https:\/\/webcom.iutlan.univ-rennes1.fr\/echevanche\/wp-json\/wp\/v2\/pages\/153\/revisions"}],"predecessor-version":[{"id":154,"href":"https:\/\/webcom.iutlan.univ-rennes1.fr\/echevanche\/wp-json\/wp\/v2\/pages\/153\/revisions\/154"}],"wp:attachment":[{"href":"https:\/\/webcom.iutlan.univ-rennes1.fr\/echevanche\/wp-json\/wp\/v2\/media?parent=153"}],"curies":[{"name":"wp","href":"https:\/\/api.w.org\/{rel}","templated":true}]}}