{"id":131,"date":"2026-01-13T12:45:59","date_gmt":"2026-01-13T11:45:59","guid":{"rendered":"https:\/\/webcom.iutlan.univ-rennes1.fr\/echevanche\/?page_id=131"},"modified":"2026-01-13T12:45:59","modified_gmt":"2026-01-13T11:45:59","slug":"netflix-et-warner-quels-enjeux-pour-le-cinema-et-le-streaming","status":"publish","type":"page","link":"https:\/\/webcom.iutlan.univ-rennes1.fr\/echevanche\/netflix-et-warner-quels-enjeux-pour-le-cinema-et-le-streaming\/","title":{"rendered":"Netflix et Warner : quels enjeux pour le cin\u00e9ma et le streaming ?"},"content":{"rendered":"\n<p><a href=\"https:\/\/fr.themedialeader.com\/warner-bros-discovery-dit-non-a-paramount-et-maintient-son-choix-en-faveur-de-netflix\/\">L\u2019article <\/a>que j\u2019ai choisi traite de la d\u00e9cision de Warner Bros Discovery de rejeter l\u2019offre de rachat de Paramount au profit de Netflix. Ce sujet m\u2019int\u00e9resse particuli\u00e8rement car HBO Max, qui fait partie de Warner, produit des s\u00e9ries et films reconnus pour leur qualit\u00e9 visuelle et sc\u00e9naristique. Un rachat par Netflix pourrait modifier la production et la diffusion de ces contenus, et impacter leur niveau qualitatif, aujourd\u2019hui largement appr\u00e9ci\u00e9 par le public.<\/p>\n\n\n\n<p>Cette op\u00e9ration est \u00e9galement r\u00e9v\u00e9latrice des enjeux de concentration dans l\u2019industrie du cin\u00e9ma et du streaming. La fusion de grands acteurs pourrait r\u00e9duire la diversit\u00e9 des contenus, concentrer le pouvoir de production et limiter l\u2019acc\u00e8s \u00e0 certaines \u0153uvres.<\/p>\n\n\n\n<p>\u00c0 ce sujet, la f\u00e9d\u00e9ration des cin\u00e9mas am\u00e9ricains a exprim\u00e9 de vives inqui\u00e9tudes dans le cadre de l\u2019\u00e9tude antitrust sur l\u2019acquisition de Warner par Netflix comme on peut le v voir dans <a href=\"https:\/\/www.boxofficepro.fr\/rachat-de-warner-cinema-united-pointe-les-risques-de-la-concentration-devant-les-autorites-de-la-concurrence-americaine\/#:~:text=La%20reprise%20de%20Warner%20par,un%20march%C3%A9%20d%C3%A9j%C3%A0%20fortement%20concentr%C3%A9%20%C2%BB.\">cet article <\/a>\u00ab\u00a0Nous sommes profond\u00e9ment pr\u00e9occup\u00e9s par l\u2019impact n\u00e9gatif, direct et irr\u00e9versible qu\u2019aurait cette acquisition de Warner Bros par Netflix sur les salles de cin\u00e9ma du monde entier [\u2026] cette consolidation renforcerait le contr\u00f4le de la production et de la distribution des films dans les mains d\u2019une seule plateforme de streaming mondiale dominante.\u00a0\u00bb<\/p>\n\n\n\n<p>Cet extrait illustre les cons\u00e9quences possibles de cette concentration, diminution du nombre de films projet\u00e9s en salles, uniformisation des contenus et affaiblissement de l\u2019ensemble de l\u2019\u00e9cosyst\u00e8me culturel et \u00e9conomique local. Le rachat de Warner par Netflix ne se limite donc pas \u00e0 une transaction commerciale, il interroge \u00e9galement la pr\u00e9servation de la diversit\u00e9 culturelle et de la qualit\u00e9 des productions dans un march\u00e9 d\u00e9sormais domin\u00e9 par quelques g\u00e9ants du streaming<\/p>\n\n\n\n<p><\/p>\n","protected":false},"excerpt":{"rendered":"<p>L\u2019article que j\u2019ai choisi traite de la d\u00e9cision de Warner Bros Discovery de rejeter l\u2019offre de rachat de Paramount au profit de Netflix. Ce sujet m\u2019int\u00e9resse particuli\u00e8rement car HBO Max, qui fait partie de Warner, produit des s\u00e9ries et films reconnus pour leur qualit\u00e9 visuelle et sc\u00e9naristique. Un rachat par Netflix pourrait modifier la production &hellip; <\/p>\n<p class=\"link-more\"><a href=\"https:\/\/webcom.iutlan.univ-rennes1.fr\/echevanche\/netflix-et-warner-quels-enjeux-pour-le-cinema-et-le-streaming\/\" class=\"more-link\">Lire la suite de<span class=\"screen-reader-text\">\u00ab\u00a0Netflix et Warner : quels enjeux pour le cin\u00e9ma et le streaming ?\u00a0\u00bb<\/span><\/a><\/p>\n","protected":false},"author":1,"featured_media":0,"parent":0,"menu_order":0,"comment_status":"closed","ping_status":"closed","template":"","meta":{"inspiro_hide_title":false,"footnotes":""},"class_list":["post-131","page","type-page","status-publish","hentry"],"_links":{"self":[{"href":"https:\/\/webcom.iutlan.univ-rennes1.fr\/echevanche\/wp-json\/wp\/v2\/pages\/131","targetHints":{"allow":["GET"]}}],"collection":[{"href":"https:\/\/webcom.iutlan.univ-rennes1.fr\/echevanche\/wp-json\/wp\/v2\/pages"}],"about":[{"href":"https:\/\/webcom.iutlan.univ-rennes1.fr\/echevanche\/wp-json\/wp\/v2\/types\/page"}],"author":[{"embeddable":true,"href":"https:\/\/webcom.iutlan.univ-rennes1.fr\/echevanche\/wp-json\/wp\/v2\/users\/1"}],"replies":[{"embeddable":true,"href":"https:\/\/webcom.iutlan.univ-rennes1.fr\/echevanche\/wp-json\/wp\/v2\/comments?post=131"}],"version-history":[{"count":1,"href":"https:\/\/webcom.iutlan.univ-rennes1.fr\/echevanche\/wp-json\/wp\/v2\/pages\/131\/revisions"}],"predecessor-version":[{"id":132,"href":"https:\/\/webcom.iutlan.univ-rennes1.fr\/echevanche\/wp-json\/wp\/v2\/pages\/131\/revisions\/132"}],"wp:attachment":[{"href":"https:\/\/webcom.iutlan.univ-rennes1.fr\/echevanche\/wp-json\/wp\/v2\/media?parent=131"}],"curies":[{"name":"wp","href":"https:\/\/api.w.org\/{rel}","templated":true}]}}