{"id":126,"date":"2025-12-20T14:25:49","date_gmt":"2025-12-20T13:25:49","guid":{"rendered":"https:\/\/webcom.iutlan.univ-rennes1.fr\/echevanche\/?page_id=126"},"modified":"2025-12-20T14:25:49","modified_gmt":"2025-12-20T13:25:49","slug":"les-oscars-quittent-la-television","status":"publish","type":"page","link":"https:\/\/webcom.iutlan.univ-rennes1.fr\/echevanche\/les-oscars-quittent-la-television\/","title":{"rendered":"Les Oscars quittent la t\u00e9l\u00e9vision"},"content":{"rendered":"\n<p>La c\u00e9r\u00e9monie des Oscars, organis\u00e9e par l\u2019Acad\u00e9mie des arts et des sciences du cin\u00e9ma, conna\u00eet un changement majeur dans son mode de diffusion. Il a \u00e9t\u00e9 annonc\u00e9 qu\u2019\u00e0 partir de 2029, l\u2019\u00e9v\u00e9nement ne sera plus retransmis \u00e0 la t\u00e9l\u00e9vision sur la cha\u00eene ABC, mais diffus\u00e9 en exclusivit\u00e9 sur YouTube. Cet accord, conclu pour cinq ans, met fin \u00e0 plusieurs d\u00e9cennies de diffusion t\u00e9l\u00e9vis\u00e9e et marque un tournant important pour cette c\u00e9r\u00e9monie embl\u00e9matique suivie dans le monde entier.<\/p>\n\n\n\n<p>J\u2019ai choisi <a href=\"https:\/\/fr.themedialeader.com\/les-oscars-quitteront-la-television-pour-une-diffusion-exclusive-sur-youtube-a-partir-de-2029\/\">cet article <\/a>car il parle des Oscars, une c\u00e9r\u00e9monie que je regarde chaque ann\u00e9e et qui a toujours \u00e9t\u00e9 associ\u00e9e \u00e0 la t\u00e9l\u00e9vision traditionnelle. Le fait qu\u2019un \u00e9v\u00e9nement aussi prestigieux change totalement de plateforme de diffusion m\u2019a sembl\u00e9 important et r\u00e9v\u00e9lateur des \u00e9volutions actuelles des m\u00e9dias et comment les grands \u00e9v\u00e9nements culturels sont consomm\u00e9s aujourd\u2019hui.<\/p>\n\n\n\n<p>Ce changement est significatif car il montre la baisse progressive des audiences \u00e0 la t\u00e9l\u00e9vision. Les Oscars rassemblait autrefois un tr\u00e8s grand nombre de t\u00e9l\u00e9spectateurs, mais leur audience a fortement diminu\u00e9 ces derni\u00e8res ann\u00e9es. En se tournant vers YouTube, l\u2019Acad\u00e9mie cherche \u00e0 toucher un public plus large, notamment les jeunes, qui consomment davantage de contenus en ligne que via la t\u00e9l\u00e9vision classique.<\/p>\n\n\n\n<p>Cette \u00e9volution peut \u00eatre mise en lien avec l\u2019article<a href=\"https:\/\/shs.cairn.info\/revue-reseaux-2012-5-page-43?lang=fr\"> <em>La fin de la t\u00e9l\u00e9vision<\/em>.<\/a> Dans cet article, il est expliqu\u00e9 que \u00ab la multiplication des canaux, des programmes et des possibilit\u00e9s de choix pour le spectateur affaiblissent les exp\u00e9riences partag\u00e9es \u00bb. Cela permet de mieux comprendre pourquoi des \u00e9v\u00e9nements pourtant tr\u00e8s populaires ont aujourd\u2019hui plus de mal \u00e0 rassembler un public devant la t\u00e9l\u00e9vision. Le fait que les Oscars, c\u00e9r\u00e9monie suivie \u00e0 l\u2019international, quittent la t\u00e9l\u00e9vision pour \u00eatre diffus\u00e9s sur YouTube illustre clairement ce changement des habitudes et montre que les nouveaux m\u00e9dias sont aujourd\u2019hui devenus plus importants que la t\u00e9l\u00e9vision classique.<\/p>\n\n\n\n<p><\/p>\n","protected":false},"excerpt":{"rendered":"<p>La c\u00e9r\u00e9monie des Oscars, organis\u00e9e par l\u2019Acad\u00e9mie des arts et des sciences du cin\u00e9ma, conna\u00eet un changement majeur dans son mode de diffusion. Il a \u00e9t\u00e9 annonc\u00e9 qu\u2019\u00e0 partir de 2029, l\u2019\u00e9v\u00e9nement ne sera plus retransmis \u00e0 la t\u00e9l\u00e9vision sur la cha\u00eene ABC, mais diffus\u00e9 en exclusivit\u00e9 sur YouTube. Cet accord, conclu pour cinq ans, &hellip; <\/p>\n<p class=\"link-more\"><a href=\"https:\/\/webcom.iutlan.univ-rennes1.fr\/echevanche\/les-oscars-quittent-la-television\/\" class=\"more-link\">Lire la suite de<span class=\"screen-reader-text\">\u00ab\u00a0Les Oscars quittent la t\u00e9l\u00e9vision\u00a0\u00bb<\/span><\/a><\/p>\n","protected":false},"author":1,"featured_media":0,"parent":0,"menu_order":0,"comment_status":"closed","ping_status":"closed","template":"","meta":{"inspiro_hide_title":false,"footnotes":""},"class_list":["post-126","page","type-page","status-publish","hentry"],"_links":{"self":[{"href":"https:\/\/webcom.iutlan.univ-rennes1.fr\/echevanche\/wp-json\/wp\/v2\/pages\/126","targetHints":{"allow":["GET"]}}],"collection":[{"href":"https:\/\/webcom.iutlan.univ-rennes1.fr\/echevanche\/wp-json\/wp\/v2\/pages"}],"about":[{"href":"https:\/\/webcom.iutlan.univ-rennes1.fr\/echevanche\/wp-json\/wp\/v2\/types\/page"}],"author":[{"embeddable":true,"href":"https:\/\/webcom.iutlan.univ-rennes1.fr\/echevanche\/wp-json\/wp\/v2\/users\/1"}],"replies":[{"embeddable":true,"href":"https:\/\/webcom.iutlan.univ-rennes1.fr\/echevanche\/wp-json\/wp\/v2\/comments?post=126"}],"version-history":[{"count":1,"href":"https:\/\/webcom.iutlan.univ-rennes1.fr\/echevanche\/wp-json\/wp\/v2\/pages\/126\/revisions"}],"predecessor-version":[{"id":127,"href":"https:\/\/webcom.iutlan.univ-rennes1.fr\/echevanche\/wp-json\/wp\/v2\/pages\/126\/revisions\/127"}],"wp:attachment":[{"href":"https:\/\/webcom.iutlan.univ-rennes1.fr\/echevanche\/wp-json\/wp\/v2\/media?parent=126"}],"curies":[{"name":"wp","href":"https:\/\/api.w.org\/{rel}","templated":true}]}}