{"id":24,"date":"2025-10-03T10:04:34","date_gmt":"2025-10-03T08:04:34","guid":{"rendered":"https:\/\/webcom.iutlan.univ-rennes1.fr\/danamuller\/front_page\/"},"modified":"2025-12-09T16:38:27","modified_gmt":"2025-12-09T15:38:27","slug":"front_page","status":"publish","type":"page","link":"https:\/\/webcom.iutlan.univ-rennes1.fr\/danamuller\/","title":{"rendered":"Bienvenue! Degemer mat!"},"content":{"rendered":"\t\t<div data-elementor-type=\"wp-page\" data-elementor-id=\"24\" class=\"elementor elementor-24\" data-elementor-settings=\"{&quot;ha_cmc_init_switcher&quot;:&quot;no&quot;}\">\n\t\t\t\t<div class=\"elementor-element elementor-element-c5f2732 e-flex e-con-boxed e-con e-parent\" data-id=\"c5f2732\" data-element_type=\"container\" data-e-type=\"container\" data-settings=\"{&quot;_ha_eqh_enable&quot;:false}\">\n\t\t\t\t\t<div class=\"e-con-inner\">\n\t\t\t\t<div class=\"elementor-element elementor-element-670544a elementor-widget elementor-widget-text-editor\" data-id=\"670544a\" data-element_type=\"widget\" data-e-type=\"widget\" data-widget_type=\"text-editor.default\">\n\t\t\t\t\t\t\t\t\t<p>Articles de recherche de veille informatique en communication<\/p><p>\u00a0<\/p>\t\t\t\t\t\t\t\t<\/div>\n\t\t\t\t\t<\/div>\n\t\t\t\t<\/div>\n\t\t<div class=\"elementor-element elementor-element-272e315 e-flex e-con-boxed e-con e-parent\" data-id=\"272e315\" data-element_type=\"container\" data-e-type=\"container\" data-settings=\"{&quot;background_background&quot;:&quot;classic&quot;,&quot;shape_divider_top&quot;:&quot;mountains&quot;,&quot;_ha_eqh_enable&quot;:false}\">\n\t\t\t\t\t<div class=\"e-con-inner\">\n\t\t\t\t<div class=\"elementor-shape elementor-shape-top\" aria-hidden=\"true\" data-negative=\"false\">\n\t\t\t<svg xmlns=\"http:\/\/www.w3.org\/2000\/svg\" viewBox=\"0 0 1000 100\" preserveAspectRatio=\"none\">\n\t<path class=\"elementor-shape-fill\" opacity=\"0.33\" d=\"M473,67.3c-203.9,88.3-263.1-34-320.3,0C66,119.1,0,59.7,0,59.7V0h1000v59.7 c0,0-62.1,26.1-94.9,29.3c-32.8,3.3-62.8-12.3-75.8-22.1C806,49.6,745.3,8.7,694.9,4.7S492.4,59,473,67.3z\"\/>\n\t<path class=\"elementor-shape-fill\" opacity=\"0.66\" d=\"M734,67.3c-45.5,0-77.2-23.2-129.1-39.1c-28.6-8.7-150.3-10.1-254,39.1 s-91.7-34.4-149.2,0C115.7,118.3,0,39.8,0,39.8V0h1000v36.5c0,0-28.2-18.5-92.1-18.5C810.2,18.1,775.7,67.3,734,67.3z\"\/>\n\t<path class=\"elementor-shape-fill\" d=\"M766.1,28.9c-200-57.5-266,65.5-395.1,19.5C242,1.8,242,5.4,184.8,20.6C128,35.8,132.3,44.9,89.9,52.5C28.6,63.7,0,0,0,0 h1000c0,0-9.9,40.9-83.6,48.1S829.6,47,766.1,28.9z\"\/>\n<\/svg>\t\t<\/div>\n\t\t<div class=\"elementor-element elementor-element-83273e7 e-con-full e-flex e-con e-child\" data-id=\"83273e7\" data-element_type=\"container\" data-e-type=\"container\" data-settings=\"{&quot;_ha_eqh_enable&quot;:false}\">\n\t\t\t\t<div class=\"elementor-element elementor-element-a28e09d e-transform elementor-widget elementor-widget-heading\" data-id=\"a28e09d\" data-element_type=\"widget\" data-e-type=\"widget\" data-settings=\"{&quot;_transform_translateY_effect&quot;:{&quot;unit&quot;:&quot;px&quot;,&quot;size&quot;:24,&quot;sizes&quot;:[]},&quot;_transform_translateX_effect&quot;:{&quot;unit&quot;:&quot;px&quot;,&quot;size&quot;:&quot;&quot;,&quot;sizes&quot;:[]},&quot;_transform_translateX_effect_tablet&quot;:{&quot;unit&quot;:&quot;px&quot;,&quot;size&quot;:&quot;&quot;,&quot;sizes&quot;:[]},&quot;_transform_translateX_effect_mobile&quot;:{&quot;unit&quot;:&quot;px&quot;,&quot;size&quot;:&quot;&quot;,&quot;sizes&quot;:[]},&quot;_transform_translateY_effect_tablet&quot;:{&quot;unit&quot;:&quot;px&quot;,&quot;size&quot;:&quot;&quot;,&quot;sizes&quot;:[]},&quot;_transform_translateY_effect_mobile&quot;:{&quot;unit&quot;:&quot;px&quot;,&quot;size&quot;:&quot;&quot;,&quot;sizes&quot;:[]}}\" data-widget_type=\"heading.default\">\n\t\t\t\t\t<h2 class=\"elementor-heading-title elementor-size-default\">Qui suis-je?<\/h2>\t\t\t\t<\/div>\n\t\t\t\t<\/div>\n\t\t<div class=\"elementor-element elementor-element-ae74cab e-con-full e-flex e-con e-child\" data-id=\"ae74cab\" data-element_type=\"container\" data-e-type=\"container\" data-settings=\"{&quot;_ha_eqh_enable&quot;:false}\">\n\t\t\t\t<div class=\"elementor-element elementor-element-3808f0e e-transform ha-has-bg-overlay elementor-widget elementor-widget-text-editor\" data-id=\"3808f0e\" data-element_type=\"widget\" data-e-type=\"widget\" data-settings=\"{&quot;_transform_translateY_effect&quot;:{&quot;unit&quot;:&quot;px&quot;,&quot;size&quot;:24,&quot;sizes&quot;:[]},&quot;_transform_translateX_effect&quot;:{&quot;unit&quot;:&quot;px&quot;,&quot;size&quot;:&quot;&quot;,&quot;sizes&quot;:[]},&quot;_transform_translateX_effect_tablet&quot;:{&quot;unit&quot;:&quot;px&quot;,&quot;size&quot;:&quot;&quot;,&quot;sizes&quot;:[]},&quot;_transform_translateX_effect_mobile&quot;:{&quot;unit&quot;:&quot;px&quot;,&quot;size&quot;:&quot;&quot;,&quot;sizes&quot;:[]},&quot;_transform_translateY_effect_tablet&quot;:{&quot;unit&quot;:&quot;px&quot;,&quot;size&quot;:&quot;&quot;,&quot;sizes&quot;:[]},&quot;_transform_translateY_effect_mobile&quot;:{&quot;unit&quot;:&quot;px&quot;,&quot;size&quot;:&quot;&quot;,&quot;sizes&quot;:[]}}\" data-widget_type=\"text-editor.default\">\n\t\t\t\t\t\t\t\t\t<p>Par Dana Muller, le vendredi 5 d\u00e9cembre 2025<\/p>\t\t\t\t\t\t\t\t<\/div>\n\t\t\t\t<\/div>\n\t\t<div class=\"elementor-element elementor-element-75179f3 e-con-full e-flex e-con e-child\" data-id=\"75179f3\" data-element_type=\"container\" data-e-type=\"container\" data-settings=\"{&quot;_ha_eqh_enable&quot;:false}\">\n\t\t\t\t<div class=\"elementor-element elementor-element-3b8e664 elementor-drop-cap-yes e-transform elementor-drop-cap-view-default elementor-widget elementor-widget-text-editor\" data-id=\"3b8e664\" data-element_type=\"widget\" data-e-type=\"widget\" data-settings=\"{&quot;drop_cap&quot;:&quot;yes&quot;,&quot;_transform_translateX_effect&quot;:{&quot;unit&quot;:&quot;px&quot;,&quot;size&quot;:-24,&quot;sizes&quot;:[]},&quot;_transform_translateY_effect&quot;:{&quot;unit&quot;:&quot;px&quot;,&quot;size&quot;:8,&quot;sizes&quot;:[]},&quot;_transform_translateX_effect_tablet&quot;:{&quot;unit&quot;:&quot;px&quot;,&quot;size&quot;:&quot;&quot;,&quot;sizes&quot;:[]},&quot;_transform_translateX_effect_mobile&quot;:{&quot;unit&quot;:&quot;px&quot;,&quot;size&quot;:&quot;&quot;,&quot;sizes&quot;:[]},&quot;_transform_translateY_effect_tablet&quot;:{&quot;unit&quot;:&quot;px&quot;,&quot;size&quot;:&quot;&quot;,&quot;sizes&quot;:[]},&quot;_transform_translateY_effect_mobile&quot;:{&quot;unit&quot;:&quot;px&quot;,&quot;size&quot;:&quot;&quot;,&quot;sizes&quot;:[]}}\" data-widget_type=\"text-editor.default\">\n\t\t\t\t\t\t\t\t\t<p>Je m&rsquo;appelle Dana Muller et suis en premi\u00e8re ann\u00e9e de BUT Information et communication, sp\u00e9cialit\u00e9 Communication des organisations. Mosellane d&rsquo;origine (m\u00eame si beaucoup raccourcissent en disant que je suis Alsacienne, alors que ce n&rsquo;est pas du tout pareil!) et Finist\u00e9rienne de coeur (j&rsquo;y habite depuis pr\u00e8s de quatre ans), je suis finalement Costarmoricaine \u00e0 temps partiel.<\/p><p>\u00a0 Sur cette page, vous trouverez mes articles sur la communication! N&rsquo;h\u00e9sitez pas \u00e0 les lire, ils parlent de choses que vous ne soup\u00e7onneriez pas vraiment&#8230; au menu de cette semaine, un support de communication encore plus original qu&rsquo;un fromage ap\u00e9ritif&#8230;<\/p>\t\t\t\t\t\t\t\t<\/div>\n\t\t\t\t<\/div>\n\t\t\t\t\t<\/div>\n\t\t\t\t<\/div>\n\t\t<div class=\"elementor-element elementor-element-1f44138 e-flex e-con-boxed e-con e-parent\" data-id=\"1f44138\" data-element_type=\"container\" data-e-type=\"container\" data-settings=\"{&quot;_ha_eqh_enable&quot;:false}\">\n\t\t\t\t\t<div class=\"e-con-inner\">\n\t\t\t\t<div class=\"elementor-element elementor-element-e707550 elementor-widget elementor-widget-text-editor\" data-id=\"e707550\" data-element_type=\"widget\" data-e-type=\"widget\" data-widget_type=\"text-editor.default\">\n\t\t\t\t\t\t\t\t\t<p><strong>Lien vers mon premier article: <a href=\"https:\/\/webcom.iutlan.univ-rennes1.fr\/danamuller\/2025\/12\/09\/aperi\/\">Ap\u00e9ri+<\/a><\/strong><\/p>\t\t\t\t\t\t\t\t<\/div>\n\t\t\t\t\t<\/div>\n\t\t\t\t<\/div>\n\t\t\t\t<\/div>\n\t\t","protected":false},"excerpt":{"rendered":"<p>Articles de recherche de veille informatique en communication \u00a0 Qui suis-je? Par Dana Muller, le vendredi 5 d\u00e9cembre 2025 Je m&rsquo;appelle Dana Muller et suis en premi\u00e8re ann\u00e9e de BUT Information et communication, sp\u00e9cialit\u00e9 Communication des organisations. Mosellane d&rsquo;origine (m\u00eame si beaucoup raccourcissent en disant que je suis Alsacienne, alors que ce n&rsquo;est pas du [&hellip;]<\/p>\n","protected":false},"author":1,"featured_media":0,"parent":0,"menu_order":0,"comment_status":"closed","ping_status":"closed","template":"","meta":{"footnotes":""},"class_list":["post-24","page","type-page","status-publish","hentry"],"_links":{"self":[{"href":"https:\/\/webcom.iutlan.univ-rennes1.fr\/danamuller\/wp-json\/wp\/v2\/pages\/24","targetHints":{"allow":["GET"]}}],"collection":[{"href":"https:\/\/webcom.iutlan.univ-rennes1.fr\/danamuller\/wp-json\/wp\/v2\/pages"}],"about":[{"href":"https:\/\/webcom.iutlan.univ-rennes1.fr\/danamuller\/wp-json\/wp\/v2\/types\/page"}],"author":[{"embeddable":true,"href":"https:\/\/webcom.iutlan.univ-rennes1.fr\/danamuller\/wp-json\/wp\/v2\/users\/1"}],"replies":[{"embeddable":true,"href":"https:\/\/webcom.iutlan.univ-rennes1.fr\/danamuller\/wp-json\/wp\/v2\/comments?post=24"}],"version-history":[{"count":23,"href":"https:\/\/webcom.iutlan.univ-rennes1.fr\/danamuller\/wp-json\/wp\/v2\/pages\/24\/revisions"}],"predecessor-version":[{"id":201,"href":"https:\/\/webcom.iutlan.univ-rennes1.fr\/danamuller\/wp-json\/wp\/v2\/pages\/24\/revisions\/201"}],"wp:attachment":[{"href":"https:\/\/webcom.iutlan.univ-rennes1.fr\/danamuller\/wp-json\/wp\/v2\/media?parent=24"}],"curies":[{"name":"wp","href":"https:\/\/api.w.org\/{rel}","templated":true}]}}