{"id":315,"date":"2026-04-07T13:39:29","date_gmt":"2026-04-07T11:39:29","guid":{"rendered":"https:\/\/webcom.iutlan.univ-rennes1.fr\/clhenaff\/?page_id=315"},"modified":"2026-04-09T09:15:24","modified_gmt":"2026-04-09T07:15:24","slug":"cartographie-des-festivals-en-france","status":"publish","type":"page","link":"https:\/\/webcom.iutlan.univ-rennes1.fr\/clhenaff\/","title":{"rendered":"Les festivals fran\u00e7ais"},"content":{"rendered":"\n<p>La France compte parmi les pays qui accueille le plus de festivals. Ces derniers sont un \u00e9l\u00e9ment majeur de la vie culturelle en France, avec des milliers d\u2019\u00e9v\u00e9nements organis\u00e9s chaque ann\u00e9e de toutes tailles. Cette diversit\u00e9 va des grands festivals comme le Hellfest, les Vieilles Charrues ou Rock en Seine jusqu\u2019aux petits festivals locaux. Chaque ann\u00e9e environ <strong>1 800 festivals de musique<\/strong> ont lieu en France, selon le CNM (Centre national de la musique). En 2025, <strong>7,2 millions de festivaliers<\/strong> ont fr\u00e9quent\u00e9 ces \u00e9v\u00e9nements, g\u00e9n\u00e9rant <strong>1,8 milliard d\u2019euros de retomb\u00e9es \u00e9conomiques<\/strong>. Selon le dernier barom\u00e8tre publi\u00e9 par le minist\u00e8re de la Culture, pr\u00e8s de la <strong>moiti\u00e9 des festivals recens\u00e9s sont consacr\u00e9s \u00e0 la musique<\/strong>. Parmi eux, les <strong>musiques actuelles (pop, rock, \u00e9lectro, jazz, musiques du monde\u2026) repr\u00e9sentent pr\u00e8s des deux tiers<\/strong> des \u00e9v\u00e9nements de musique, et les festivals de musique classique ou contemporaine. <\/p>\n\n\n\n<iframe style=\"width: 100%; height: 700px; border: 0;\" allowfullscreen allow=\"geolocation\" src=\"\/\/umap.openstreetmap.fr\/fr\/map\/carte-sans-nom_1385501?scaleControl=false&#038;miniMap=false&#038;scrollWheelZoom=false&#038;zoomControl=true&#038;editMode=disabled&#038;moreControl=true&#038;searchControl=null&#038;tilelayersControl=null&#038;embedControl=null&#038;datalayersControl=true&#038;onLoadPanel=none&#038;captionBar=false&#038;captionMenus=true\"><\/iframe><p><a href=\"\/\/umap.openstreetmap.fr\/fr\/map\/carte-sans-nom_1385501?scaleControl=false&#038;miniMap=false&#038;scrollWheelZoom=true&#038;zoomControl=true&#038;editMode=disabled&#038;moreControl=true&#038;searchControl=null&#038;tilelayersControl=null&#038;embedControl=null&#038;datalayersControl=true&#038;onLoadPanel=none&#038;captionBar=false&#038;captionMenus=true\">Voir en plein \u00e9cran<\/a><\/p>\n\n\n\n<p><\/p>\n","protected":false},"excerpt":{"rendered":"<p>La France compte parmi les pays qui accueille le plus de festivals. Ces derniers sont un \u00e9l\u00e9ment majeur de la vie culturelle en France, avec des milliers d\u2019\u00e9v\u00e9nements organis\u00e9s chaque ann\u00e9e de toutes tailles. Cette diversit\u00e9 va des grands festivals comme le Hellfest, les Vieilles Charrues ou Rock en Seine jusqu\u2019aux petits festivals locaux. Chaque &hellip; <\/p>\n<p class=\"link-more\"><a href=\"https:\/\/webcom.iutlan.univ-rennes1.fr\/clhenaff\/\" class=\"more-link\">Lire la suite de<span class=\"screen-reader-text\">\u00ab\u00a0Les festivals fran\u00e7ais\u00a0\u00bb<\/span><\/a><\/p>\n","protected":false},"author":1,"featured_media":0,"parent":0,"menu_order":0,"comment_status":"closed","ping_status":"closed","template":"","meta":{"inspiro_hide_title":false,"footnotes":""},"class_list":["post-315","page","type-page","status-publish","hentry"],"_links":{"self":[{"href":"https:\/\/webcom.iutlan.univ-rennes1.fr\/clhenaff\/wp-json\/wp\/v2\/pages\/315","targetHints":{"allow":["GET"]}}],"collection":[{"href":"https:\/\/webcom.iutlan.univ-rennes1.fr\/clhenaff\/wp-json\/wp\/v2\/pages"}],"about":[{"href":"https:\/\/webcom.iutlan.univ-rennes1.fr\/clhenaff\/wp-json\/wp\/v2\/types\/page"}],"author":[{"embeddable":true,"href":"https:\/\/webcom.iutlan.univ-rennes1.fr\/clhenaff\/wp-json\/wp\/v2\/users\/1"}],"replies":[{"embeddable":true,"href":"https:\/\/webcom.iutlan.univ-rennes1.fr\/clhenaff\/wp-json\/wp\/v2\/comments?post=315"}],"version-history":[{"count":4,"href":"https:\/\/webcom.iutlan.univ-rennes1.fr\/clhenaff\/wp-json\/wp\/v2\/pages\/315\/revisions"}],"predecessor-version":[{"id":5705,"href":"https:\/\/webcom.iutlan.univ-rennes1.fr\/clhenaff\/wp-json\/wp\/v2\/pages\/315\/revisions\/5705"}],"wp:attachment":[{"href":"https:\/\/webcom.iutlan.univ-rennes1.fr\/clhenaff\/wp-json\/wp\/v2\/media?parent=315"}],"curies":[{"name":"wp","href":"https:\/\/api.w.org\/{rel}","templated":true}]}}