{"id":16,"date":"2025-10-17T15:20:26","date_gmt":"2025-10-17T13:20:26","guid":{"rendered":"https:\/\/webcom.iutlan.univ-rennes1.fr\/cdouet\/?page_id=16"},"modified":"2025-10-17T15:26:15","modified_gmt":"2025-10-17T13:26:15","slug":"elementor-16","status":"publish","type":"page","link":"https:\/\/webcom.iutlan.univ-rennes1.fr\/cdouet\/elementor-16\/","title":{"rendered":"Elementor #16"},"content":{"rendered":"\t\t<div data-elementor-type=\"wp-post\" data-elementor-id=\"16\" class=\"elementor elementor-16\" data-elementor-settings=\"{&quot;ha_cmc_init_switcher&quot;:&quot;no&quot;}\">\n\t\t\t\t<div class=\"elementor-element elementor-element-b5b97e5 e-flex e-con-boxed e-con e-parent\" data-id=\"b5b97e5\" data-element_type=\"container\" data-e-type=\"container\" data-settings=\"{&quot;background_background&quot;:&quot;classic&quot;,&quot;_ha_eqh_enable&quot;:false}\">\n\t\t\t\t\t<div class=\"e-con-inner\">\n\t\t\t\t<div class=\"elementor-element elementor-element-5db828f elementor-widget elementor-widget-heading\" data-id=\"5db828f\" data-element_type=\"widget\" data-e-type=\"widget\" data-widget_type=\"heading.default\">\n\t\t\t\t\t<h1 class=\"elementor-heading-title elementor-size-default\">Breathe Love<\/h1>\t\t\t\t<\/div>\n\t\t\t\t<div class=\"elementor-element elementor-element-bad6054 elementor-widget elementor-widget-heading\" data-id=\"bad6054\" data-element_type=\"widget\" data-e-type=\"widget\" data-widget_type=\"heading.default\">\n\t\t\t\t\t<h2 class=\"elementor-heading-title elementor-size-default\">Duo A\u00e9rien<\/h2>\t\t\t\t<\/div>\n\t\t\t\t<div class=\"elementor-element elementor-element-280fb9c elementor-arrows-position-inside elementor-widget elementor-widget-image-carousel\" data-id=\"280fb9c\" data-element_type=\"widget\" data-e-type=\"widget\" data-settings=\"{&quot;slides_to_show&quot;:&quot;1&quot;,&quot;navigation&quot;:&quot;arrows&quot;,&quot;autoplay&quot;:&quot;yes&quot;,&quot;pause_on_hover&quot;:&quot;yes&quot;,&quot;pause_on_interaction&quot;:&quot;yes&quot;,&quot;autoplay_speed&quot;:5000,&quot;infinite&quot;:&quot;yes&quot;,&quot;effect&quot;:&quot;slide&quot;,&quot;speed&quot;:500}\" data-widget_type=\"image-carousel.default\">\n\t\t\t\t\t\t\t<div class=\"elementor-image-carousel-wrapper swiper\" role=\"region\" aria-roledescription=\"carousel\" aria-label=\"Carrousel d\u2019images\" dir=\"ltr\">\n\t\t\t<div class=\"elementor-image-carousel swiper-wrapper\" aria-live=\"off\">\n\t\t\t\t\t\t\t\t<div class=\"swiper-slide\" role=\"group\" aria-roledescription=\"slide\" aria-label=\"1 sur 4\"><figure class=\"swiper-slide-inner\"><img decoding=\"async\" class=\"swiper-slide-image\" src=\"https:\/\/webcom.iutlan.univ-rennes1.fr\/cdouet\/wp-content\/uploads\/2025\/10\/Ban-1.jpg\" alt=\"Ban - 1\" \/><\/figure><\/div><div class=\"swiper-slide\" role=\"group\" aria-roledescription=\"slide\" aria-label=\"2 sur 4\"><figure class=\"swiper-slide-inner\"><img decoding=\"async\" class=\"swiper-slide-image\" src=\"https:\/\/webcom.iutlan.univ-rennes1.fr\/cdouet\/wp-content\/uploads\/2025\/10\/Ban-2.jpg\" alt=\"Ban - 2\" \/><\/figure><\/div><div class=\"swiper-slide\" role=\"group\" aria-roledescription=\"slide\" aria-label=\"3 sur 4\"><figure class=\"swiper-slide-inner\"><img decoding=\"async\" class=\"swiper-slide-image\" src=\"https:\/\/webcom.iutlan.univ-rennes1.fr\/cdouet\/wp-content\/uploads\/2025\/10\/Ban-3.jpg\" alt=\"Ban - 3\" \/><\/figure><\/div><div class=\"swiper-slide\" role=\"group\" aria-roledescription=\"slide\" aria-label=\"4 sur 4\"><figure class=\"swiper-slide-inner\"><img decoding=\"async\" class=\"swiper-slide-image\" src=\"https:\/\/webcom.iutlan.univ-rennes1.fr\/cdouet\/wp-content\/uploads\/2025\/10\/Ban-4.jpg\" alt=\"Ban - 4\" \/><\/figure><\/div>\t\t\t<\/div>\n\t\t\t\t\t\t\t\t\t\t\t\t<div class=\"elementor-swiper-button elementor-swiper-button-prev\" role=\"button\" tabindex=\"0\">\n\t\t\t\t\t\t<svg aria-hidden=\"true\" class=\"e-font-icon-svg e-fas-angle-left\" viewBox=\"0 0 256 512\" xmlns=\"http:\/\/www.w3.org\/2000\/svg\"><path d=\"M31.7 239l136-136c9.4-9.4 24.6-9.4 33.9 0l22.6 22.6c9.4 9.4 9.4 24.6 0 33.9L127.9 256l96.4 96.4c9.4 9.4 9.4 24.6 0 33.9L201.7 409c-9.4 9.4-24.6 9.4-33.9 0l-136-136c-9.5-9.4-9.5-24.6-.1-34z\"><\/path><\/svg>\t\t\t\t\t<\/div>\n\t\t\t\t\t<div class=\"elementor-swiper-button elementor-swiper-button-next\" role=\"button\" tabindex=\"0\">\n\t\t\t\t\t\t<svg aria-hidden=\"true\" class=\"e-font-icon-svg e-fas-angle-right\" viewBox=\"0 0 256 512\" xmlns=\"http:\/\/www.w3.org\/2000\/svg\"><path d=\"M224.3 273l-136 136c-9.4 9.4-24.6 9.4-33.9 0l-22.6-22.6c-9.4-9.4-9.4-24.6 0-33.9l96.4-96.4-96.4-96.4c-9.4-9.4-9.4-24.6 0-33.9L54.3 103c9.4-9.4 24.6-9.4 33.9 0l136 136c9.5 9.4 9.5 24.6.1 34z\"><\/path><\/svg>\t\t\t\t\t<\/div>\n\t\t\t\t\n\t\t\t\t\t\t\t\t\t<\/div>\n\t\t\t\t\t\t<\/div>\n\t\t\t\t\t<\/div>\n\t\t\t\t<\/div>\n\t\t<div class=\"elementor-element elementor-element-096e231 e-flex e-con-boxed e-con e-parent\" data-id=\"096e231\" data-element_type=\"container\" data-e-type=\"container\" data-settings=\"{&quot;background_background&quot;:&quot;classic&quot;,&quot;_ha_eqh_enable&quot;:false}\">\n\t\t\t\t\t<div class=\"e-con-inner\">\n\t\t<div class=\"elementor-element elementor-element-770e663 e-con-full e-flex e-con e-child\" data-id=\"770e663\" data-element_type=\"container\" data-e-type=\"container\" data-settings=\"{&quot;_ha_eqh_enable&quot;:false}\">\n\t\t\t\t<div class=\"elementor-element elementor-element-097419c elementor-widget elementor-widget-heading\" data-id=\"097419c\" data-element_type=\"widget\" data-e-type=\"widget\" data-widget_type=\"heading.default\">\n\t\t\t\t\t<h2 class=\"elementor-heading-title elementor-size-default\">Accueil<\/h2>\t\t\t\t<\/div>\n\t\t\t\t<\/div>\n\t\t<div class=\"elementor-element elementor-element-5cb7d57 e-con-full e-flex e-con e-child\" data-id=\"5cb7d57\" data-element_type=\"container\" data-e-type=\"container\" data-settings=\"{&quot;background_background&quot;:&quot;classic&quot;,&quot;_ha_eqh_enable&quot;:false}\">\n\t\t\t\t<div class=\"elementor-element elementor-element-ea5f415 elementor-widget elementor-widget-heading\" data-id=\"ea5f415\" data-element_type=\"widget\" data-e-type=\"widget\" data-widget_type=\"heading.default\">\n\t\t\t\t\t<h2 class=\"elementor-heading-title elementor-size-default\">Sepctacles<\/h2>\t\t\t\t<\/div>\n\t\t\t\t<\/div>\n\t\t<div class=\"elementor-element elementor-element-da5c308 e-con-full e-flex e-con e-child\" data-id=\"da5c308\" data-element_type=\"container\" data-e-type=\"container\" data-settings=\"{&quot;_ha_eqh_enable&quot;:false}\">\n\t\t\t\t<div class=\"elementor-element elementor-element-d217528 elementor-widget elementor-widget-heading\" data-id=\"d217528\" data-element_type=\"widget\" data-e-type=\"widget\" data-widget_type=\"heading.default\">\n\t\t\t\t\t<h2 class=\"elementor-heading-title elementor-size-default\">Contacts<\/h2>\t\t\t\t<\/div>\n\t\t\t\t<\/div>\n\t\t\t\t\t<\/div>\n\t\t\t\t<\/div>\n\t\t<div class=\"elementor-element elementor-element-6d9bad9 e-flex e-con-boxed e-con e-parent\" data-id=\"6d9bad9\" data-element_type=\"container\" data-e-type=\"container\" data-settings=\"{&quot;_ha_eqh_enable&quot;:false}\">\n\t\t\t\t\t<div class=\"e-con-inner\">\n\t\t<div class=\"elementor-element elementor-element-68fa9a8 e-con-full e-flex e-con e-child\" data-id=\"68fa9a8\" data-element_type=\"container\" data-e-type=\"container\" data-settings=\"{&quot;_ha_eqh_enable&quot;:false}\">\n\t\t\t\t<div class=\"elementor-element elementor-element-a3f6526 elementor-widget elementor-widget-image\" data-id=\"a3f6526\" data-element_type=\"widget\" data-e-type=\"widget\" data-widget_type=\"image.default\">\n\t\t\t\t\t\t\t\t\t\t\t\t\t\t\t<img fetchpriority=\"high\" decoding=\"async\" width=\"950\" height=\"950\" src=\"https:\/\/webcom.iutlan.univ-rennes1.fr\/cdouet\/wp-content\/uploads\/2025\/10\/Paul-Val\u201ary-1.jpg\" class=\"attachment-large size-large wp-image-34\" alt=\"\" srcset=\"https:\/\/webcom.iutlan.univ-rennes1.fr\/cdouet\/wp-content\/uploads\/2025\/10\/Paul-Val\u201ary-1.jpg 992w, https:\/\/webcom.iutlan.univ-rennes1.fr\/cdouet\/wp-content\/uploads\/2025\/10\/Paul-Val\u201ary-1-300x300.jpg 300w, https:\/\/webcom.iutlan.univ-rennes1.fr\/cdouet\/wp-content\/uploads\/2025\/10\/Paul-Val\u201ary-1-150x150.jpg 150w\" sizes=\"100vw\" \/>\t\t\t\t\t\t\t\t\t\t\t\t\t\t\t<\/div>\n\t\t\t\t<\/div>\n\t\t<div class=\"elementor-element elementor-element-3499f91 e-con-full e-flex e-con e-child\" data-id=\"3499f91\" data-element_type=\"container\" data-e-type=\"container\" data-settings=\"{&quot;_ha_eqh_enable&quot;:false}\">\n\t\t\t\t<div class=\"elementor-element elementor-element-a3c3478 elementor-widget elementor-widget-heading\" data-id=\"a3c3478\" data-element_type=\"widget\" data-e-type=\"widget\" data-widget_type=\"heading.default\">\n\t\t\t\t\t<h2 class=\"elementor-heading-title elementor-size-default\">Cependant que l'acrobate est en proie \u00e0 l'\u00e9quilibre le plus instable,\nnous faisons un voeu.\nEt ce voeu est \u00e9trangement double et nul.\nNous souhaitons qu'il tombe,\net nous souhaitons qu'il tienne.<\/h2>\t\t\t\t<\/div>\n\t\t\t\t<\/div>\n\t\t\t\t\t<\/div>\n\t\t\t\t<\/div>\n\t\t\t\t<\/div>\n\t\t","protected":false},"excerpt":{"rendered":"<p>Breathe Love Duo A\u00e9rien Accueil Sepctacles Contacts Cependant que l&rsquo;acrobate est en proie \u00e0 l&rsquo;\u00e9quilibre le plus instable, nous faisons un voeu. Et ce voeu est \u00e9trangement double et nul. Nous souhaitons qu&rsquo;il tombe, et nous souhaitons qu&rsquo;il tienne.<\/p>\n","protected":false},"author":1,"featured_media":0,"parent":0,"menu_order":0,"comment_status":"closed","ping_status":"closed","template":"elementor_canvas","meta":{"inspiro_hide_title":false,"footnotes":""},"class_list":["post-16","page","type-page","status-publish","hentry"],"_links":{"self":[{"href":"https:\/\/webcom.iutlan.univ-rennes1.fr\/cdouet\/wp-json\/wp\/v2\/pages\/16","targetHints":{"allow":["GET"]}}],"collection":[{"href":"https:\/\/webcom.iutlan.univ-rennes1.fr\/cdouet\/wp-json\/wp\/v2\/pages"}],"about":[{"href":"https:\/\/webcom.iutlan.univ-rennes1.fr\/cdouet\/wp-json\/wp\/v2\/types\/page"}],"author":[{"embeddable":true,"href":"https:\/\/webcom.iutlan.univ-rennes1.fr\/cdouet\/wp-json\/wp\/v2\/users\/1"}],"replies":[{"embeddable":true,"href":"https:\/\/webcom.iutlan.univ-rennes1.fr\/cdouet\/wp-json\/wp\/v2\/comments?post=16"}],"version-history":[{"count":23,"href":"https:\/\/webcom.iutlan.univ-rennes1.fr\/cdouet\/wp-json\/wp\/v2\/pages\/16\/revisions"}],"predecessor-version":[{"id":49,"href":"https:\/\/webcom.iutlan.univ-rennes1.fr\/cdouet\/wp-json\/wp\/v2\/pages\/16\/revisions\/49"}],"wp:attachment":[{"href":"https:\/\/webcom.iutlan.univ-rennes1.fr\/cdouet\/wp-json\/wp\/v2\/media?parent=16"}],"curies":[{"name":"wp","href":"https:\/\/api.w.org\/{rel}","templated":true}]}}