{"id":5708,"date":"2026-04-08T16:11:55","date_gmt":"2026-04-08T14:11:55","guid":{"rendered":"https:\/\/webcom.iutlan.univ-rennes1.fr\/bcherel\/?page_id=5708"},"modified":"2026-04-09T12:41:10","modified_gmt":"2026-04-09T10:41:10","slug":"cartes-des-festivals-en-france","status":"publish","type":"page","link":"https:\/\/webcom.iutlan.univ-rennes1.fr\/bcherel\/","title":{"rendered":"Carte des festivals en France"},"content":{"rendered":"\n<p>Des villes bretonnes aux villages du Sud, en passant par les grandes m\u00e9tropoles, les festivals animent toute la France tout au long de l\u2019ann\u00e9e. Gr\u00e2ce \u00e0 cette carte, explorez en un coup d\u2019\u0153il les \u00e9v\u00e9nements pr\u00e8s de chez vous !<\/p>\n\n\n\n<iframe style=\"width: 100%; height: 700px; border: 0;\" allowfullscreen allow=\"geolocation\" src=\"\/\/umap.openstreetmap.fr\/fr\/map\/carte-sans-nom_1385510?scaleControl=false&#038;miniMap=false&#038;scrollWheelZoom=false&#038;zoomControl=true&#038;editMode=disabled&#038;moreControl=true&#038;searchControl=null&#038;tilelayersControl=null&#038;embedControl=null&#038;datalayersControl=true&#038;onLoadPanel=none&#038;captionBar=false&#038;captionMenus=true\"><\/iframe><p><a href=\"\/\/umap.openstreetmap.fr\/fr\/map\/carte-sans-nom_1385510?scaleControl=false&#038;miniMap=false&#038;scrollWheelZoom=true&#038;zoomControl=true&#038;editMode=disabled&#038;moreControl=true&#038;searchControl=null&#038;tilelayersControl=null&#038;embedControl=null&#038;datalayersControl=true&#038;onLoadPanel=none&#038;captionBar=false&#038;captionMenus=true\">Voir en plein \u00e9cran<\/a><\/p>\n","protected":false},"excerpt":{"rendered":"<p>Des villes bretonnes aux villages du Sud, en passant par les grandes m\u00e9tropoles, les festivals animent toute la France tout au long de l\u2019ann\u00e9e. Gr\u00e2ce \u00e0 cette carte, explorez en un coup d\u2019\u0153il les \u00e9v\u00e9nements pr\u00e8s de chez vous !&#8230; <a class=\"more-link\" href=\"https:\/\/webcom.iutlan.univ-rennes1.fr\/bcherel\/\">Continue Reading &rarr;<\/a><\/p>\n","protected":false},"author":1,"featured_media":0,"parent":0,"menu_order":0,"comment_status":"closed","ping_status":"closed","template":"","meta":{"footnotes":""},"class_list":["post-5708","page","type-page","status-publish","hentry"],"_links":{"self":[{"href":"https:\/\/webcom.iutlan.univ-rennes1.fr\/bcherel\/wp-json\/wp\/v2\/pages\/5708","targetHints":{"allow":["GET"]}}],"collection":[{"href":"https:\/\/webcom.iutlan.univ-rennes1.fr\/bcherel\/wp-json\/wp\/v2\/pages"}],"about":[{"href":"https:\/\/webcom.iutlan.univ-rennes1.fr\/bcherel\/wp-json\/wp\/v2\/types\/page"}],"author":[{"embeddable":true,"href":"https:\/\/webcom.iutlan.univ-rennes1.fr\/bcherel\/wp-json\/wp\/v2\/users\/1"}],"replies":[{"embeddable":true,"href":"https:\/\/webcom.iutlan.univ-rennes1.fr\/bcherel\/wp-json\/wp\/v2\/comments?post=5708"}],"version-history":[{"count":4,"href":"https:\/\/webcom.iutlan.univ-rennes1.fr\/bcherel\/wp-json\/wp\/v2\/pages\/5708\/revisions"}],"predecessor-version":[{"id":5713,"href":"https:\/\/webcom.iutlan.univ-rennes1.fr\/bcherel\/wp-json\/wp\/v2\/pages\/5708\/revisions\/5713"}],"wp:attachment":[{"href":"https:\/\/webcom.iutlan.univ-rennes1.fr\/bcherel\/wp-json\/wp\/v2\/media?parent=5708"}],"curies":[{"name":"wp","href":"https:\/\/api.w.org\/{rel}","templated":true}]}}