{"id":415,"date":"2026-04-07T08:54:40","date_gmt":"2026-04-07T06:54:40","guid":{"rendered":"https:\/\/webcom.iutlan.univ-rennes1.fr\/anmoalic\/?page_id=415"},"modified":"2026-04-08T16:23:09","modified_gmt":"2026-04-08T14:23:09","slug":"festivals-ayant-lieu-en-2026-en-france","status":"publish","type":"page","link":"https:\/\/webcom.iutlan.univ-rennes1.fr\/anmoalic\/","title":{"rendered":"Festivals ayant lieu en 2026 en France"},"content":{"rendered":"\n<p>D\u00e9couvrez tous les festivals en France en 2026, partout sur le territoire. Ce site vous permettra de trouver facilement les \u00e9v\u00e9nements pr\u00e8s de chez vous gr\u00e2ce \u00e0 une carte interactive, mais aussi d\u2019en apprendre plus sur les artistes pr\u00e9sents gr\u00e2ce \u00e0 des articles d\u00e9di\u00e9s. Que vous cherchiez un grand festival connu ou un \u00e9v\u00e9nement plus local, vous trouverez ici de quoi organiser vos sorties et ne rien manquer de l\u2019ann\u00e9e \u00e0 venir.<\/p>\n\n\n\n<iframe style=\"width: 100%; height: 300px; border: 0;\" allowfullscreen allow=\"geolocation\" src=\"\/\/umap.openstreetmap.fr\/fr\/map\/carte-des-festivals-en-2026_1385508?scaleControl=false&#038;miniMap=false&#038;scrollWheelZoom=false&#038;zoomControl=true&#038;editMode=disabled&#038;moreControl=true&#038;searchControl=null&#038;tilelayersControl=null&#038;embedControl=null&#038;datalayersControl=true&#038;onLoadPanel=none&#038;captionBar=false&#038;captionMenus=true\"><\/iframe><p><a href=\"\/\/umap.openstreetmap.fr\/fr\/map\/carte-des-festivals-en-2026_1385508?scaleControl=false&#038;miniMap=false&#038;scrollWheelZoom=true&#038;zoomControl=true&#038;editMode=disabled&#038;moreControl=true&#038;searchControl=null&#038;tilelayersControl=null&#038;embedControl=null&#038;datalayersControl=true&#038;onLoadPanel=none&#038;captionBar=false&#038;captionMenus=true\">Voir en plein \u00e9cran<\/a><\/p>\n\n\n\n<p><\/p>\n\n\n\n<p><\/p>\n","protected":false},"excerpt":{"rendered":"<p>D\u00e9couvrez tous les festivals en France en 2026, partout sur le territoire. Ce site vous permettra de trouver facilement les \u00e9v\u00e9nements pr\u00e8s de chez vous gr\u00e2ce \u00e0 une carte interactive, mais aussi d\u2019en apprendre plus sur les artistes pr\u00e9sents gr\u00e2ce \u00e0 des articles d\u00e9di\u00e9s. Que vous cherchiez un grand festival connu ou un \u00e9v\u00e9nement plus &hellip; <\/p>\n<p class=\"link-more\"><a href=\"https:\/\/webcom.iutlan.univ-rennes1.fr\/anmoalic\/\" class=\"more-link\">Lire la suite de<span class=\"screen-reader-text\">\u00ab\u00a0Festivals ayant lieu en 2026 en France\u00a0\u00bb<\/span><\/a><\/p>\n","protected":false},"author":1,"featured_media":0,"parent":0,"menu_order":0,"comment_status":"closed","ping_status":"closed","template":"","meta":{"inspiro_hide_title":false,"footnotes":""},"class_list":["post-415","page","type-page","status-publish","hentry"],"_links":{"self":[{"href":"https:\/\/webcom.iutlan.univ-rennes1.fr\/anmoalic\/wp-json\/wp\/v2\/pages\/415","targetHints":{"allow":["GET"]}}],"collection":[{"href":"https:\/\/webcom.iutlan.univ-rennes1.fr\/anmoalic\/wp-json\/wp\/v2\/pages"}],"about":[{"href":"https:\/\/webcom.iutlan.univ-rennes1.fr\/anmoalic\/wp-json\/wp\/v2\/types\/page"}],"author":[{"embeddable":true,"href":"https:\/\/webcom.iutlan.univ-rennes1.fr\/anmoalic\/wp-json\/wp\/v2\/users\/1"}],"replies":[{"embeddable":true,"href":"https:\/\/webcom.iutlan.univ-rennes1.fr\/anmoalic\/wp-json\/wp\/v2\/comments?post=415"}],"version-history":[{"count":3,"href":"https:\/\/webcom.iutlan.univ-rennes1.fr\/anmoalic\/wp-json\/wp\/v2\/pages\/415\/revisions"}],"predecessor-version":[{"id":5738,"href":"https:\/\/webcom.iutlan.univ-rennes1.fr\/anmoalic\/wp-json\/wp\/v2\/pages\/415\/revisions\/5738"}],"wp:attachment":[{"href":"https:\/\/webcom.iutlan.univ-rennes1.fr\/anmoalic\/wp-json\/wp\/v2\/media?parent=415"}],"curies":[{"name":"wp","href":"https:\/\/api.w.org\/{rel}","templated":true}]}}