{"id":501,"date":"2026-04-07T13:41:07","date_gmt":"2026-04-07T11:41:07","guid":{"rendered":"https:\/\/webcom.iutlan.univ-rennes1.fr\/angallais\/?page_id=501"},"modified":"2026-04-09T12:44:40","modified_gmt":"2026-04-09T10:44:40","slug":"cartographie-des-festivals-en-france","status":"publish","type":"page","link":"https:\/\/webcom.iutlan.univ-rennes1.fr\/angallais\/","title":{"rendered":"Festivals : la France vue du ciel est une f\u00eate g\u00e9ante"},"content":{"rendered":"\n<p>Il suffit de regarder cette carte pour s&rsquo;en rendre compte, il y a des festivals partout en France. En s&rsquo;appuyant sur l&rsquo;ann\u00e9e 2019, l&rsquo;organisme <a href=\"https:\/\/www.francefestivals.com\/cartographie-nationale-des-festivals\" data-type=\"link\" data-id=\"https:\/\/www.francefestivals.com\/cartographie-nationale-des-festivals\"><strong>France Festivals<\/strong> <\/a>a list\u00e9 toutes les manifestations du pays. Le chiffre est impressionnant : pr\u00e8s de <strong>7 300 festivals<\/strong> ont \u00e9t\u00e9 recens\u00e9s sur l&rsquo;ensemble du territoire.<\/p>\n\n\n\n<p>Ce que cette carte montre, c&rsquo;est que la f\u00eate n&rsquo;est pas r\u00e9serv\u00e9e aux grandes villes. Entre les gros \u00e9v\u00e9nements de l&rsquo;\u00e9t\u00e9 et les petits festivals de village, le pays est totalement couvert. Musique, cin\u00e9ma, peu importe le style, on trouve un \u00e9v\u00e9nement dans chaque r\u00e9gion. En parcourant ce relev\u00e9 g\u00e9ographique, on comprend que le festival est devenu l&rsquo;unit\u00e9 de mesure de la vie sociale fran\u00e7aise, il y en a partout et pour tout le monde.<\/p>\n\n\n\n<iframe style=\"width: 100%; height: 700px; border: 0;\" allowfullscreen allow=\"geolocation\" src=\"\/\/umap.openstreetmap.fr\/fr\/map\/carte-sans-nom_1385518?scaleControl=false&#038;miniMap=false&#038;scrollWheelZoom=false&#038;zoomControl=true&#038;editMode=disabled&#038;moreControl=true&#038;searchControl=null&#038;tilelayersControl=null&#038;embedControl=null&#038;datalayersControl=true&#038;onLoadPanel=none&#038;captionBar=false&#038;captionMenus=true\"><\/iframe><p><a href=\"\/\/umap.openstreetmap.fr\/fr\/map\/carte-sans-nom_1385518?scaleControl=false&#038;miniMap=false&#038;scrollWheelZoom=true&#038;zoomControl=true&#038;editMode=disabled&#038;moreControl=true&#038;searchControl=null&#038;tilelayersControl=null&#038;embedControl=null&#038;datalayersControl=true&#038;onLoadPanel=none&#038;captionBar=false&#038;captionMenus=true\">Voir en plein \u00e9cran<\/a><\/p>\n\n\n\n<p><\/p>\n","protected":false},"excerpt":{"rendered":"<p>Il suffit de regarder cette carte pour s&rsquo;en rendre compte, il y a des festivals partout en France. En s&rsquo;appuyant sur l&rsquo;ann\u00e9e 2019, l&rsquo;organisme France Festivals a list\u00e9 toutes les manifestations du pays. Le chiffre est impressionnant : pr\u00e8s de 7 300 festivals ont \u00e9t\u00e9 recens\u00e9s sur l&rsquo;ensemble du territoire. Ce que cette carte montre, &hellip; <\/p>\n<p class=\"link-more\"><a href=\"https:\/\/webcom.iutlan.univ-rennes1.fr\/angallais\/\" class=\"more-link\">Lire la suite de<span class=\"screen-reader-text\">\u00ab\u00a0Festivals : la France vue du ciel est une f\u00eate g\u00e9ante\u00a0\u00bb<\/span><\/a><\/p>\n","protected":false},"author":1,"featured_media":0,"parent":0,"menu_order":0,"comment_status":"closed","ping_status":"closed","template":"","meta":{"inspiro_hide_title":false,"footnotes":""},"class_list":["post-501","page","type-page","status-publish","hentry"],"_links":{"self":[{"href":"https:\/\/webcom.iutlan.univ-rennes1.fr\/angallais\/wp-json\/wp\/v2\/pages\/501","targetHints":{"allow":["GET"]}}],"collection":[{"href":"https:\/\/webcom.iutlan.univ-rennes1.fr\/angallais\/wp-json\/wp\/v2\/pages"}],"about":[{"href":"https:\/\/webcom.iutlan.univ-rennes1.fr\/angallais\/wp-json\/wp\/v2\/types\/page"}],"author":[{"embeddable":true,"href":"https:\/\/webcom.iutlan.univ-rennes1.fr\/angallais\/wp-json\/wp\/v2\/users\/1"}],"replies":[{"embeddable":true,"href":"https:\/\/webcom.iutlan.univ-rennes1.fr\/angallais\/wp-json\/wp\/v2\/comments?post=501"}],"version-history":[{"count":4,"href":"https:\/\/webcom.iutlan.univ-rennes1.fr\/angallais\/wp-json\/wp\/v2\/pages\/501\/revisions"}],"predecessor-version":[{"id":5694,"href":"https:\/\/webcom.iutlan.univ-rennes1.fr\/angallais\/wp-json\/wp\/v2\/pages\/501\/revisions\/5694"}],"wp:attachment":[{"href":"https:\/\/webcom.iutlan.univ-rennes1.fr\/angallais\/wp-json\/wp\/v2\/media?parent=501"}],"curies":[{"name":"wp","href":"https:\/\/api.w.org\/{rel}","templated":true}]}}