{"id":5695,"date":"2026-04-08T16:00:34","date_gmt":"2026-04-08T14:00:34","guid":{"rendered":"https:\/\/webcom.iutlan.univ-rennes1.fr\/aliclepage\/?page_id=5695"},"modified":"2026-04-18T12:41:09","modified_gmt":"2026-04-18T10:41:09","slug":"elementor-5695","status":"publish","type":"page","link":"https:\/\/webcom.iutlan.univ-rennes1.fr\/aliclepage\/","title":{"rendered":"Carte festivals"},"content":{"rendered":"\t\t<div data-elementor-type=\"wp-post\" data-elementor-id=\"5695\" class=\"elementor elementor-5695\" data-elementor-settings=\"{&quot;ha_cmc_init_switcher&quot;:&quot;no&quot;}\">\n\t\t\t\t<div class=\"elementor-element elementor-element-d5399ef e-flex e-con-boxed e-con e-parent\" data-id=\"d5399ef\" data-element_type=\"container\" data-e-type=\"container\" data-settings=\"{&quot;_ha_eqh_enable&quot;:false}\">\n\t\t\t\t\t<div class=\"e-con-inner\">\n\t\t\t\t<div class=\"elementor-element elementor-element-666e14d elementor-widget elementor-widget-text-editor\" data-id=\"666e14d\" data-element_type=\"widget\" data-e-type=\"widget\" data-widget_type=\"text-editor.default\">\n\t\t\t\t<div class=\"elementor-widget-container\">\n\t\t\t\t\t\t\t\t\t<p class=\"isSelectedEnd\">Bienvenue sur ce site d\u00e9di\u00e9 \u00e0 l\u2019univers des festivals !<\/p><p class=\"isSelectedEnd\">Face \u00e0 la multitude de festivals qui existent aujourd\u2019hui, il n\u2019est pas toujours facile de s\u2019y retrouver. Ce site a \u00e9t\u00e9 pens\u00e9 pour t\u2019aider \u00e0 explorer et d\u00e9couvrir ces \u00e9v\u00e9nements plus facilement, notamment gr\u00e2ce \u00e0 une carte interactive qui r\u00e9pertorie de nombreux festivals.<\/p><p class=\"isSelectedEnd\">Tu pourras \u00e9galement y retrouver des articles sur des artistes et des actualit\u00e9s pour mieux comprendre cet univers !<\/p><p>Que tu sois \u00e0 la recherche d\u2019un festival ou simplement curieux d\u2019en apprendre plus, bonne d\u00e9couverte !<\/p>\t\t\t\t\t\t\t\t<\/div>\n\t\t\t\t<\/div>\n\t\t\t\t\t<\/div>\n\t\t\t\t<\/div>\n\t\t<div class=\"elementor-element elementor-element-df19d3f e-flex e-con-boxed e-con e-parent\" data-id=\"df19d3f\" data-element_type=\"container\" data-e-type=\"container\" data-settings=\"{&quot;_ha_eqh_enable&quot;:false}\">\n\t\t\t\t\t<div class=\"e-con-inner\">\n\t\t\t\t<div class=\"elementor-element elementor-element-c606792 elementor-widget elementor-widget-html\" data-id=\"c606792\" data-element_type=\"widget\" data-e-type=\"widget\" data-widget_type=\"html.default\">\n\t\t\t\t<div class=\"elementor-widget-container\">\n\t\t\t\t\t<iframe style=\"width: 100%; height: 700px; border: 0;\" allowfullscreen allow=\"geolocation\" src=\"\/\/umap.openstreetmap.fr\/fr\/map\/carte-sans-nom_1385506?scaleControl=false&miniMap=false&scrollWheelZoom=false&zoomControl=true&editMode=disabled&moreControl=true&searchControl=null&tilelayersControl=null&embedControl=null&datalayersControl=true&onLoadPanel=none&captionBar=false&captionMenus=true\"><\/iframe><p><a href=\"\/\/umap.openstreetmap.fr\/fr\/map\/carte-sans-nom_1385506?scaleControl=false&miniMap=false&scrollWheelZoom=true&zoomControl=true&editMode=disabled&moreControl=true&searchControl=null&tilelayersControl=null&embedControl=null&datalayersControl=true&onLoadPanel=none&captionBar=false&captionMenus=true\">Voir en plein \u00e9cran<\/a><\/p>\t\t\t\t<\/div>\n\t\t\t\t<\/div>\n\t\t\t\t\t<\/div>\n\t\t\t\t<\/div>\n\t\t\t\t<\/div>\n\t\t","protected":false},"excerpt":{"rendered":"<p>Bienvenue sur ce site d\u00e9di\u00e9 \u00e0 l\u2019univers des festivals ! Face \u00e0 la multitude de festivals qui existent aujourd\u2019hui, il n\u2019est pas toujours facile de [&#8230;]<\/p>\n","protected":false},"author":1,"featured_media":0,"parent":0,"menu_order":0,"comment_status":"closed","ping_status":"closed","template":"","meta":{"footnotes":""},"class_list":["post-5695","page","type-page","status-publish","hentry"],"_links":{"self":[{"href":"https:\/\/webcom.iutlan.univ-rennes1.fr\/aliclepage\/wp-json\/wp\/v2\/pages\/5695","targetHints":{"allow":["GET"]}}],"collection":[{"href":"https:\/\/webcom.iutlan.univ-rennes1.fr\/aliclepage\/wp-json\/wp\/v2\/pages"}],"about":[{"href":"https:\/\/webcom.iutlan.univ-rennes1.fr\/aliclepage\/wp-json\/wp\/v2\/types\/page"}],"author":[{"embeddable":true,"href":"https:\/\/webcom.iutlan.univ-rennes1.fr\/aliclepage\/wp-json\/wp\/v2\/users\/1"}],"replies":[{"embeddable":true,"href":"https:\/\/webcom.iutlan.univ-rennes1.fr\/aliclepage\/wp-json\/wp\/v2\/comments?post=5695"}],"version-history":[{"count":8,"href":"https:\/\/webcom.iutlan.univ-rennes1.fr\/aliclepage\/wp-json\/wp\/v2\/pages\/5695\/revisions"}],"predecessor-version":[{"id":5708,"href":"https:\/\/webcom.iutlan.univ-rennes1.fr\/aliclepage\/wp-json\/wp\/v2\/pages\/5695\/revisions\/5708"}],"wp:attachment":[{"href":"https:\/\/webcom.iutlan.univ-rennes1.fr\/aliclepage\/wp-json\/wp\/v2\/media?parent=5695"}],"curies":[{"name":"wp","href":"https:\/\/api.w.org\/{rel}","templated":true}]}}