{"id":34,"date":"2025-10-17T15:26:53","date_gmt":"2025-10-17T13:26:53","guid":{"rendered":"https:\/\/webcom.iutlan.univ-rennes1.fr\/alduperray\/?page_id=34"},"modified":"2025-10-24T10:38:41","modified_gmt":"2025-10-24T08:38:41","slug":"elementor-34","status":"publish","type":"page","link":"https:\/\/webcom.iutlan.univ-rennes1.fr\/alduperray\/elementor-34\/","title":{"rendered":"cirque super cool"},"content":{"rendered":"\t\t<div data-elementor-type=\"wp-page\" data-elementor-id=\"34\" class=\"elementor elementor-34\" data-elementor-settings=\"{&quot;ha_cmc_init_switcher&quot;:&quot;no&quot;}\">\n\t\t\t\t<div class=\"elementor-element elementor-element-ab418f0 e-flex e-con-boxed e-con e-parent\" data-id=\"ab418f0\" data-element_type=\"container\" data-e-type=\"container\" data-settings=\"{&quot;background_background&quot;:&quot;classic&quot;,&quot;_ha_eqh_enable&quot;:false}\">\n\t\t\t\t\t<div class=\"e-con-inner\">\n\t\t\t\t<div class=\"elementor-element elementor-element-8ef8bfd elementor-widget elementor-widget-heading\" data-id=\"8ef8bfd\" data-element_type=\"widget\" data-e-type=\"widget\" data-widget_type=\"heading.default\">\n\t\t\t\t\t<h2 class=\"elementor-heading-title elementor-size-default\">Breathe Love<\/h2>\t\t\t\t<\/div>\n\t\t\t\t<div class=\"elementor-element elementor-element-6788b37 elementor-widget elementor-widget-heading\" data-id=\"6788b37\" data-element_type=\"widget\" data-e-type=\"widget\" data-widget_type=\"heading.default\">\n\t\t\t\t\t<h2 class=\"elementor-heading-title elementor-size-default\">Duo A\u00e9rien<\/h2>\t\t\t\t<\/div>\n\t\t\t\t<div class=\"elementor-element elementor-element-e8d6eca elementor-arrows-position-inside elementor-pagination-position-outside elementor-widget elementor-widget-image-carousel\" data-id=\"e8d6eca\" data-element_type=\"widget\" data-e-type=\"widget\" data-settings=\"{&quot;slides_to_show&quot;:&quot;1&quot;,&quot;effect&quot;:&quot;fade&quot;,&quot;navigation&quot;:&quot;both&quot;,&quot;infinite&quot;:&quot;yes&quot;,&quot;speed&quot;:500}\" data-widget_type=\"image-carousel.default\">\n\t\t\t\t\t\t\t<div class=\"elementor-image-carousel-wrapper swiper\" role=\"region\" aria-roledescription=\"carousel\" aria-label=\"Carrousel d\u2019images\" dir=\"ltr\">\n\t\t\t<div class=\"elementor-image-carousel swiper-wrapper\" aria-live=\"polite\">\n\t\t\t\t\t\t\t\t<div class=\"swiper-slide\" role=\"group\" aria-roledescription=\"slide\" aria-label=\"1 sur 4\"><figure class=\"swiper-slide-inner\"><img decoding=\"async\" class=\"swiper-slide-image\" src=\"https:\/\/webcom.iutlan.univ-rennes1.fr\/alduperray\/wp-content\/uploads\/2025\/10\/Ban-4.jpg\" alt=\"Ban - 4\" \/><\/figure><\/div><div class=\"swiper-slide\" role=\"group\" aria-roledescription=\"slide\" aria-label=\"2 sur 4\"><figure class=\"swiper-slide-inner\"><img decoding=\"async\" class=\"swiper-slide-image\" src=\"https:\/\/webcom.iutlan.univ-rennes1.fr\/alduperray\/wp-content\/uploads\/2025\/10\/Ban-1.jpg\" alt=\"Ban - 1\" \/><\/figure><\/div><div class=\"swiper-slide\" role=\"group\" aria-roledescription=\"slide\" aria-label=\"3 sur 4\"><figure class=\"swiper-slide-inner\"><img decoding=\"async\" class=\"swiper-slide-image\" src=\"https:\/\/webcom.iutlan.univ-rennes1.fr\/alduperray\/wp-content\/uploads\/2025\/10\/Ban-2.jpg\" alt=\"Ban - 2\" \/><\/figure><\/div><div class=\"swiper-slide\" role=\"group\" aria-roledescription=\"slide\" aria-label=\"4 sur 4\"><figure class=\"swiper-slide-inner\"><img decoding=\"async\" class=\"swiper-slide-image\" src=\"https:\/\/webcom.iutlan.univ-rennes1.fr\/alduperray\/wp-content\/uploads\/2025\/10\/Ban-3.jpg\" alt=\"Ban - 3\" \/><\/figure><\/div>\t\t\t<\/div>\n\t\t\t\t\t\t\t\t\t\t\t\t<div class=\"elementor-swiper-button elementor-swiper-button-prev\" role=\"button\" tabindex=\"0\">\n\t\t\t\t\t\t<svg aria-hidden=\"true\" class=\"e-font-icon-svg e-fas-angle-double-left\" viewBox=\"0 0 448 512\" xmlns=\"http:\/\/www.w3.org\/2000\/svg\"><path d=\"M223.7 239l136-136c9.4-9.4 24.6-9.4 33.9 0l22.6 22.6c9.4 9.4 9.4 24.6 0 33.9L319.9 256l96.4 96.4c9.4 9.4 9.4 24.6 0 33.9L393.7 409c-9.4 9.4-24.6 9.4-33.9 0l-136-136c-9.5-9.4-9.5-24.6-.1-34zm-192 34l136 136c9.4 9.4 24.6 9.4 33.9 0l22.6-22.6c9.4-9.4 9.4-24.6 0-33.9L127.9 256l96.4-96.4c9.4-9.4 9.4-24.6 0-33.9L201.7 103c-9.4-9.4-24.6-9.4-33.9 0l-136 136c-9.5 9.4-9.5 24.6-.1 34z\"><\/path><\/svg>\t\t\t\t\t<\/div>\n\t\t\t\t\t<div class=\"elementor-swiper-button elementor-swiper-button-next\" role=\"button\" tabindex=\"0\">\n\t\t\t\t\t\t<svg aria-hidden=\"true\" class=\"e-font-icon-svg e-fas-angle-double-right\" viewBox=\"0 0 448 512\" xmlns=\"http:\/\/www.w3.org\/2000\/svg\"><path d=\"M224.3 273l-136 136c-9.4 9.4-24.6 9.4-33.9 0l-22.6-22.6c-9.4-9.4-9.4-24.6 0-33.9l96.4-96.4-96.4-96.4c-9.4-9.4-9.4-24.6 0-33.9L54.3 103c9.4-9.4 24.6-9.4 33.9 0l136 136c9.5 9.4 9.5 24.6.1 34zm192-34l-136-136c-9.4-9.4-24.6-9.4-33.9 0l-22.6 22.6c-9.4 9.4-9.4 24.6 0 33.9l96.4 96.4-96.4 96.4c-9.4 9.4-9.4 24.6 0 33.9l22.6 22.6c9.4 9.4 24.6 9.4 33.9 0l136-136c9.4-9.2 9.4-24.4 0-33.8z\"><\/path><\/svg>\t\t\t\t\t<\/div>\n\t\t\t\t\n\t\t\t\t\t\t\t\t\t<div class=\"swiper-pagination\"><\/div>\n\t\t\t\t\t\t\t\t\t<\/div>\n\t\t\t\t\t\t<\/div>\n\t\t\t\t\t<\/div>\n\t\t\t\t<\/div>\n\t\t<div class=\"elementor-element elementor-element-5b3dee0 e-flex e-con-boxed e-con e-parent\" data-id=\"5b3dee0\" data-element_type=\"container\" data-e-type=\"container\" data-settings=\"{&quot;background_background&quot;:&quot;classic&quot;,&quot;_ha_eqh_enable&quot;:false}\">\n\t\t\t\t\t<div class=\"e-con-inner\">\n\t\t<div class=\"elementor-element elementor-element-64be77c e-con-full e-flex e-con e-child\" data-id=\"64be77c\" data-element_type=\"container\" data-e-type=\"container\" data-settings=\"{&quot;_ha_eqh_enable&quot;:false}\">\n\t\t\t\t<div class=\"elementor-element elementor-element-c1985cc elementor-widget elementor-widget-heading\" data-id=\"c1985cc\" data-element_type=\"widget\" data-e-type=\"widget\" data-widget_type=\"heading.default\">\n\t\t\t\t\t<h2 class=\"elementor-heading-title elementor-size-default\">Accueil<\/h2>\t\t\t\t<\/div>\n\t\t\t\t<\/div>\n\t\t<div class=\"elementor-element elementor-element-8fe65b6 e-con-full e-flex e-con e-child\" data-id=\"8fe65b6\" data-element_type=\"container\" data-e-type=\"container\" data-settings=\"{&quot;_ha_eqh_enable&quot;:false}\">\n\t\t\t\t<div class=\"elementor-element elementor-element-38346bc elementor-widget elementor-widget-heading\" data-id=\"38346bc\" data-element_type=\"widget\" data-e-type=\"widget\" data-widget_type=\"heading.default\">\n\t\t\t\t\t<h2 class=\"elementor-heading-title elementor-size-default\">Spectacles<\/h2>\t\t\t\t<\/div>\n\t\t\t\t<\/div>\n\t\t<div class=\"elementor-element elementor-element-a4ba8fc e-con-full e-flex e-con e-child\" data-id=\"a4ba8fc\" data-element_type=\"container\" data-e-type=\"container\" data-settings=\"{&quot;_ha_eqh_enable&quot;:false}\">\n\t\t\t\t<div class=\"elementor-element elementor-element-8a113a0 elementor-widget elementor-widget-heading\" data-id=\"8a113a0\" data-element_type=\"widget\" data-e-type=\"widget\" data-widget_type=\"heading.default\">\n\t\t\t\t\t<h2 class=\"elementor-heading-title elementor-size-default\">Contacts<\/h2>\t\t\t\t<\/div>\n\t\t\t\t<\/div>\n\t\t\t\t\t<\/div>\n\t\t\t\t<\/div>\n\t\t<div class=\"elementor-element elementor-element-980875f e-flex e-con-boxed e-con e-parent\" data-id=\"980875f\" data-element_type=\"container\" data-e-type=\"container\" data-settings=\"{&quot;_ha_eqh_enable&quot;:false}\">\n\t\t\t\t\t<div class=\"e-con-inner\">\n\t\t<div class=\"elementor-element elementor-element-08f9889 e-con-full e-flex e-con e-child\" data-id=\"08f9889\" data-element_type=\"container\" data-e-type=\"container\" data-settings=\"{&quot;_ha_eqh_enable&quot;:false}\">\n\t\t\t\t<div class=\"elementor-element elementor-element-13f961a elementor-widget elementor-widget-image\" data-id=\"13f961a\" data-element_type=\"widget\" data-e-type=\"widget\" data-widget_type=\"image.default\">\n\t\t\t\t\t\t\t\t\t\t\t\t\t\t\t<img fetchpriority=\"high\" decoding=\"async\" width=\"992\" height=\"992\" src=\"https:\/\/webcom.iutlan.univ-rennes1.fr\/alduperray\/wp-content\/uploads\/2025\/10\/Paul-Val\u201ary-1.jpg\" class=\"attachment-large size-large wp-image-43\" alt=\"\" srcset=\"https:\/\/webcom.iutlan.univ-rennes1.fr\/alduperray\/wp-content\/uploads\/2025\/10\/Paul-Val\u201ary-1.jpg 992w, https:\/\/webcom.iutlan.univ-rennes1.fr\/alduperray\/wp-content\/uploads\/2025\/10\/Paul-Val\u201ary-1-300x300.jpg 300w, https:\/\/webcom.iutlan.univ-rennes1.fr\/alduperray\/wp-content\/uploads\/2025\/10\/Paul-Val\u201ary-1-150x150.jpg 150w, https:\/\/webcom.iutlan.univ-rennes1.fr\/alduperray\/wp-content\/uploads\/2025\/10\/Paul-Val\u201ary-1-768x768.jpg 768w\" sizes=\"(max-width: 992px) 100vw, 992px\" \/>\t\t\t\t\t\t\t\t\t\t\t\t\t\t\t<\/div>\n\t\t\t\t<\/div>\n\t\t<div class=\"elementor-element elementor-element-b50e004 e-con-full e-flex e-con e-child\" data-id=\"b50e004\" data-element_type=\"container\" data-e-type=\"container\" data-settings=\"{&quot;_ha_eqh_enable&quot;:false}\">\n\t\t\t\t<div class=\"elementor-element elementor-element-a4b90a9 elementor-widget elementor-widget-heading\" data-id=\"a4b90a9\" data-element_type=\"widget\" data-e-type=\"widget\" data-widget_type=\"heading.default\">\n\t\t\t\t\t<h2 class=\"elementor-heading-title elementor-size-default\"><h4 class=\"elementor-heading-title elementor-size-default\" style=\"font-weight: 300;line-height: 1.5em;font-size: 1.5em;font-family: Alexandria, sans-serif;letter-spacing: normal\">Cependant que l'acrobate est en proie \u00e0 l'\u00e9quilibre le plus instable,<br>nous faisons un voeu.<br>Et ce voeu est \u00e9trangement double et nul.<br>Nous souhaitons qu'il tombe,<br>et nous souhaitons qu'il tienne.<\/h4><\/h2>\t\t\t\t<\/div>\n\t\t\t\t<div class=\"elementor-element elementor-element-3f9fe37 elementor-widget elementor-widget-heading\" data-id=\"3f9fe37\" data-element_type=\"widget\" data-e-type=\"widget\" data-widget_type=\"heading.default\">\n\t\t\t\t\t<h2 class=\"elementor-heading-title elementor-size-default\">Paul Val\u00e9ry<\/h2>\t\t\t\t<\/div>\n\t\t\t\t<\/div>\n\t\t\t\t\t<\/div>\n\t\t\t\t<\/div>\n\t\t<div class=\"elementor-element elementor-element-7303b53 e-flex e-con-boxed e-con e-parent\" data-id=\"7303b53\" data-element_type=\"container\" data-e-type=\"container\" data-settings=\"{&quot;_ha_eqh_enable&quot;:false}\">\n\t\t\t\t\t<div class=\"e-con-inner\">\n\t\t\t\t<div class=\"elementor-element elementor-element-8f2a2e1 elementor-widget-divider--view-line_icon elementor-view-default elementor-widget-divider--element-align-center elementor-widget elementor-widget-divider\" data-id=\"8f2a2e1\" data-element_type=\"widget\" data-e-type=\"widget\" data-widget_type=\"divider.default\">\n\t\t\t\t\t\t\t<div class=\"elementor-divider\">\n\t\t\t<span class=\"elementor-divider-separator\">\n\t\t\t\t\t\t\t<div class=\"elementor-icon elementor-divider__element\">\n\t\t\t\t\t<svg aria-hidden=\"true\" class=\"e-font-icon-svg e-fas-star\" viewBox=\"0 0 576 512\" xmlns=\"http:\/\/www.w3.org\/2000\/svg\"><path d=\"M259.3 17.8L194 150.2 47.9 171.5c-26.2 3.8-36.7 36.1-17.7 54.6l105.7 103-25 145.5c-4.5 26.3 23.2 46 46.4 33.7L288 439.6l130.7 68.7c23.2 12.2 50.9-7.4 46.4-33.7l-25-145.5 105.7-103c19-18.5 8.5-50.8-17.7-54.6L382 150.2 316.7 17.8c-11.7-23.6-45.6-23.9-57.4 0z\"><\/path><\/svg><\/div>\n\t\t\t\t\t\t<\/span>\n\t\t<\/div>\n\t\t\t\t\t\t<\/div>\n\t\t\t\t\t<\/div>\n\t\t\t\t<\/div>\n\t\t<div class=\"elementor-element elementor-element-007f004 e-flex e-con-boxed e-con e-parent\" data-id=\"007f004\" data-element_type=\"container\" data-e-type=\"container\" data-settings=\"{&quot;_ha_eqh_enable&quot;:false}\">\n\t\t\t\t\t<div class=\"e-con-inner\">\n\t\t\t\t<div class=\"elementor-element elementor-element-16fe856 elementor-widget elementor-widget-heading\" data-id=\"16fe856\" data-element_type=\"widget\" data-e-type=\"widget\" data-widget_type=\"heading.default\">\n\t\t\t\t\t<h2 class=\"elementor-heading-title elementor-size-default\">Cirque<\/h2>\t\t\t\t<\/div>\n\t\t\t\t\t<\/div>\n\t\t\t\t<\/div>\n\t\t<div class=\"elementor-element elementor-element-7bbb3a7 e-flex e-con-boxed e-con e-parent\" data-id=\"7bbb3a7\" data-element_type=\"container\" data-e-type=\"container\" data-settings=\"{&quot;_ha_eqh_enable&quot;:false}\">\n\t\t\t\t\t<div class=\"e-con-inner\">\n\t\t<div class=\"elementor-element elementor-element-92fd492 e-con-full e-flex e-con e-child\" data-id=\"92fd492\" data-element_type=\"container\" data-e-type=\"container\" data-settings=\"{&quot;_ha_eqh_enable&quot;:false}\">\n\t\t\t\t<div class=\"elementor-element elementor-element-145f57b elementor-widget elementor-widget-image\" data-id=\"145f57b\" data-element_type=\"widget\" data-e-type=\"widget\" data-widget_type=\"image.default\">\n\t\t\t\t\t\t\t\t\t\t\t\t\t\t\t<img decoding=\"async\" width=\"1024\" height=\"576\" src=\"https:\/\/webcom.iutlan.univ-rennes1.fr\/alduperray\/wp-content\/uploads\/2025\/10\/169-1-1024x576.jpg\" class=\"attachment-large size-large wp-image-44\" alt=\"\" srcset=\"https:\/\/webcom.iutlan.univ-rennes1.fr\/alduperray\/wp-content\/uploads\/2025\/10\/169-1-1024x576.jpg 1024w, https:\/\/webcom.iutlan.univ-rennes1.fr\/alduperray\/wp-content\/uploads\/2025\/10\/169-1-300x169.jpg 300w, https:\/\/webcom.iutlan.univ-rennes1.fr\/alduperray\/wp-content\/uploads\/2025\/10\/169-1-768x432.jpg 768w, https:\/\/webcom.iutlan.univ-rennes1.fr\/alduperray\/wp-content\/uploads\/2025\/10\/169-1-1536x864.jpg 1536w, https:\/\/webcom.iutlan.univ-rennes1.fr\/alduperray\/wp-content\/uploads\/2025\/10\/169-1.jpg 1900w\" sizes=\"(max-width: 1024px) 100vw, 1024px\" \/>\t\t\t\t\t\t\t\t\t\t\t\t\t\t\t<\/div>\n\t\t\t\t<\/div>\n\t\t<div class=\"elementor-element elementor-element-fa3cdf3 e-con-full e-flex e-con e-child\" data-id=\"fa3cdf3\" data-element_type=\"container\" data-e-type=\"container\" data-settings=\"{&quot;_ha_eqh_enable&quot;:false}\">\n\t\t\t\t<div class=\"elementor-element elementor-element-542a590 elementor-widget elementor-widget-image\" data-id=\"542a590\" data-element_type=\"widget\" data-e-type=\"widget\" data-widget_type=\"image.default\">\n\t\t\t\t\t\t\t\t\t\t\t\t\t\t\t<img decoding=\"async\" width=\"1024\" height=\"576\" src=\"https:\/\/webcom.iutlan.univ-rennes1.fr\/alduperray\/wp-content\/uploads\/2025\/10\/169-2-1024x576.jpg\" class=\"attachment-large size-large wp-image-45\" alt=\"\" srcset=\"https:\/\/webcom.iutlan.univ-rennes1.fr\/alduperray\/wp-content\/uploads\/2025\/10\/169-2-1024x576.jpg 1024w, https:\/\/webcom.iutlan.univ-rennes1.fr\/alduperray\/wp-content\/uploads\/2025\/10\/169-2-300x169.jpg 300w, https:\/\/webcom.iutlan.univ-rennes1.fr\/alduperray\/wp-content\/uploads\/2025\/10\/169-2-768x432.jpg 768w, https:\/\/webcom.iutlan.univ-rennes1.fr\/alduperray\/wp-content\/uploads\/2025\/10\/169-2-1536x864.jpg 1536w, https:\/\/webcom.iutlan.univ-rennes1.fr\/alduperray\/wp-content\/uploads\/2025\/10\/169-2.jpg 1900w\" sizes=\"(max-width: 1024px) 100vw, 1024px\" \/>\t\t\t\t\t\t\t\t\t\t\t\t\t\t\t<\/div>\n\t\t\t\t<\/div>\n\t\t<div class=\"elementor-element elementor-element-8b58dbb e-con-full e-flex e-con e-child\" data-id=\"8b58dbb\" data-element_type=\"container\" data-e-type=\"container\" data-settings=\"{&quot;_ha_eqh_enable&quot;:false}\">\n\t\t\t\t<div class=\"elementor-element elementor-element-454a02a elementor-widget elementor-widget-image\" data-id=\"454a02a\" data-element_type=\"widget\" data-e-type=\"widget\" data-widget_type=\"image.default\">\n\t\t\t\t\t\t\t\t\t\t\t\t\t\t\t<img loading=\"lazy\" decoding=\"async\" width=\"1024\" height=\"576\" src=\"https:\/\/webcom.iutlan.univ-rennes1.fr\/alduperray\/wp-content\/uploads\/2025\/10\/169-3-1024x576.jpg\" class=\"attachment-large size-large wp-image-46\" alt=\"\" srcset=\"https:\/\/webcom.iutlan.univ-rennes1.fr\/alduperray\/wp-content\/uploads\/2025\/10\/169-3-1024x576.jpg 1024w, https:\/\/webcom.iutlan.univ-rennes1.fr\/alduperray\/wp-content\/uploads\/2025\/10\/169-3-300x169.jpg 300w, https:\/\/webcom.iutlan.univ-rennes1.fr\/alduperray\/wp-content\/uploads\/2025\/10\/169-3-768x432.jpg 768w, https:\/\/webcom.iutlan.univ-rennes1.fr\/alduperray\/wp-content\/uploads\/2025\/10\/169-3-1536x864.jpg 1536w, https:\/\/webcom.iutlan.univ-rennes1.fr\/alduperray\/wp-content\/uploads\/2025\/10\/169-3.jpg 1900w\" sizes=\"(max-width: 1024px) 100vw, 1024px\" \/>\t\t\t\t\t\t\t\t\t\t\t\t\t\t\t<\/div>\n\t\t\t\t<\/div>\n\t\t\t\t\t<\/div>\n\t\t\t\t<\/div>\n\t\t<div class=\"elementor-element elementor-element-767b989 e-flex e-con-boxed e-con e-parent\" data-id=\"767b989\" data-element_type=\"container\" data-e-type=\"container\" data-settings=\"{&quot;_ha_eqh_enable&quot;:false}\">\n\t\t\t\t\t<div class=\"e-con-inner\">\n\t\t\t\t<div class=\"elementor-element elementor-element-ffd777b elementor-widget elementor-widget-heading\" data-id=\"ffd777b\" data-element_type=\"widget\" data-e-type=\"widget\" data-widget_type=\"heading.default\">\n\t\t\t\t\t<h2 class=\"elementor-heading-title elementor-size-default\">Arts de rue<\/h2>\t\t\t\t<\/div>\n\t\t\t\t\t<\/div>\n\t\t\t\t<\/div>\n\t\t<div class=\"elementor-element elementor-element-80d1d96 e-flex e-con-boxed e-con e-parent\" data-id=\"80d1d96\" data-element_type=\"container\" data-e-type=\"container\" data-settings=\"{&quot;_ha_eqh_enable&quot;:false}\">\n\t\t\t\t\t<div class=\"e-con-inner\">\n\t\t<div class=\"elementor-element elementor-element-270b56d e-con-full e-flex e-con e-child\" data-id=\"270b56d\" data-element_type=\"container\" data-e-type=\"container\" data-settings=\"{&quot;_ha_eqh_enable&quot;:false}\">\n\t\t\t\t<div class=\"elementor-element elementor-element-3eb8fd3 elementor-widget elementor-widget-image\" data-id=\"3eb8fd3\" data-element_type=\"widget\" data-e-type=\"widget\" data-widget_type=\"image.default\">\n\t\t\t\t\t\t\t\t\t\t\t\t\t\t\t<img decoding=\"async\" width=\"1024\" height=\"576\" src=\"https:\/\/webcom.iutlan.univ-rennes1.fr\/alduperray\/wp-content\/uploads\/2025\/10\/169-1-1024x576.jpg\" class=\"attachment-large size-large wp-image-44\" alt=\"\" srcset=\"https:\/\/webcom.iutlan.univ-rennes1.fr\/alduperray\/wp-content\/uploads\/2025\/10\/169-1-1024x576.jpg 1024w, https:\/\/webcom.iutlan.univ-rennes1.fr\/alduperray\/wp-content\/uploads\/2025\/10\/169-1-300x169.jpg 300w, https:\/\/webcom.iutlan.univ-rennes1.fr\/alduperray\/wp-content\/uploads\/2025\/10\/169-1-768x432.jpg 768w, https:\/\/webcom.iutlan.univ-rennes1.fr\/alduperray\/wp-content\/uploads\/2025\/10\/169-1-1536x864.jpg 1536w, https:\/\/webcom.iutlan.univ-rennes1.fr\/alduperray\/wp-content\/uploads\/2025\/10\/169-1.jpg 1900w\" sizes=\"(max-width: 1024px) 100vw, 1024px\" \/>\t\t\t\t\t\t\t\t\t\t\t\t\t\t\t<\/div>\n\t\t\t\t<\/div>\n\t\t<div class=\"elementor-element elementor-element-1e70460 e-con-full e-flex e-con e-child\" data-id=\"1e70460\" data-element_type=\"container\" data-e-type=\"container\" data-settings=\"{&quot;_ha_eqh_enable&quot;:false}\">\n\t\t\t\t<div class=\"elementor-element elementor-element-15a5f46 elementor-widget elementor-widget-image\" data-id=\"15a5f46\" data-element_type=\"widget\" data-e-type=\"widget\" data-widget_type=\"image.default\">\n\t\t\t\t\t\t\t\t\t\t\t\t\t\t\t<img decoding=\"async\" width=\"1024\" height=\"576\" src=\"https:\/\/webcom.iutlan.univ-rennes1.fr\/alduperray\/wp-content\/uploads\/2025\/10\/169-2-1024x576.jpg\" class=\"attachment-large size-large wp-image-45\" alt=\"\" srcset=\"https:\/\/webcom.iutlan.univ-rennes1.fr\/alduperray\/wp-content\/uploads\/2025\/10\/169-2-1024x576.jpg 1024w, https:\/\/webcom.iutlan.univ-rennes1.fr\/alduperray\/wp-content\/uploads\/2025\/10\/169-2-300x169.jpg 300w, https:\/\/webcom.iutlan.univ-rennes1.fr\/alduperray\/wp-content\/uploads\/2025\/10\/169-2-768x432.jpg 768w, https:\/\/webcom.iutlan.univ-rennes1.fr\/alduperray\/wp-content\/uploads\/2025\/10\/169-2-1536x864.jpg 1536w, https:\/\/webcom.iutlan.univ-rennes1.fr\/alduperray\/wp-content\/uploads\/2025\/10\/169-2.jpg 1900w\" sizes=\"(max-width: 1024px) 100vw, 1024px\" \/>\t\t\t\t\t\t\t\t\t\t\t\t\t\t\t<\/div>\n\t\t\t\t<\/div>\n\t\t<div class=\"elementor-element elementor-element-d7a095b e-con-full e-flex e-con e-child\" data-id=\"d7a095b\" data-element_type=\"container\" data-e-type=\"container\" data-settings=\"{&quot;_ha_eqh_enable&quot;:false}\">\n\t\t\t\t<div class=\"elementor-element elementor-element-c318d60 elementor-widget elementor-widget-image\" data-id=\"c318d60\" data-element_type=\"widget\" data-e-type=\"widget\" data-widget_type=\"image.default\">\n\t\t\t\t\t\t\t\t\t\t\t\t\t\t\t<img loading=\"lazy\" decoding=\"async\" width=\"1024\" height=\"576\" src=\"https:\/\/webcom.iutlan.univ-rennes1.fr\/alduperray\/wp-content\/uploads\/2025\/10\/169-3-1024x576.jpg\" class=\"attachment-large size-large wp-image-46\" alt=\"\" srcset=\"https:\/\/webcom.iutlan.univ-rennes1.fr\/alduperray\/wp-content\/uploads\/2025\/10\/169-3-1024x576.jpg 1024w, https:\/\/webcom.iutlan.univ-rennes1.fr\/alduperray\/wp-content\/uploads\/2025\/10\/169-3-300x169.jpg 300w, https:\/\/webcom.iutlan.univ-rennes1.fr\/alduperray\/wp-content\/uploads\/2025\/10\/169-3-768x432.jpg 768w, https:\/\/webcom.iutlan.univ-rennes1.fr\/alduperray\/wp-content\/uploads\/2025\/10\/169-3-1536x864.jpg 1536w, https:\/\/webcom.iutlan.univ-rennes1.fr\/alduperray\/wp-content\/uploads\/2025\/10\/169-3.jpg 1900w\" sizes=\"(max-width: 1024px) 100vw, 1024px\" \/>\t\t\t\t\t\t\t\t\t\t\t\t\t\t\t<\/div>\n\t\t\t\t<\/div>\n\t\t\t\t\t<\/div>\n\t\t\t\t<\/div>\n\t\t\t\t<\/div>\n\t\t","protected":false},"excerpt":{"rendered":"<p>Breathe Love Duo A\u00e9rien Accueil Spectacles Contacts Cependant que l&rsquo;acrobate est en proie \u00e0 l&rsquo;\u00e9quilibre le plus instable,nous faisons un voeu.Et ce voeu est \u00e9trangement double et nul.Nous souhaitons qu&rsquo;il&hellip;<\/p>\n","protected":false},"author":1,"featured_media":0,"parent":0,"menu_order":0,"comment_status":"closed","ping_status":"closed","template":"elementor_canvas","meta":{"footnotes":""},"class_list":["post-34","page","type-page","status-publish","hentry"],"_links":{"self":[{"href":"https:\/\/webcom.iutlan.univ-rennes1.fr\/alduperray\/wp-json\/wp\/v2\/pages\/34","targetHints":{"allow":["GET"]}}],"collection":[{"href":"https:\/\/webcom.iutlan.univ-rennes1.fr\/alduperray\/wp-json\/wp\/v2\/pages"}],"about":[{"href":"https:\/\/webcom.iutlan.univ-rennes1.fr\/alduperray\/wp-json\/wp\/v2\/types\/page"}],"author":[{"embeddable":true,"href":"https:\/\/webcom.iutlan.univ-rennes1.fr\/alduperray\/wp-json\/wp\/v2\/users\/1"}],"replies":[{"embeddable":true,"href":"https:\/\/webcom.iutlan.univ-rennes1.fr\/alduperray\/wp-json\/wp\/v2\/comments?post=34"}],"version-history":[{"count":12,"href":"https:\/\/webcom.iutlan.univ-rennes1.fr\/alduperray\/wp-json\/wp\/v2\/pages\/34\/revisions"}],"predecessor-version":[{"id":57,"href":"https:\/\/webcom.iutlan.univ-rennes1.fr\/alduperray\/wp-json\/wp\/v2\/pages\/34\/revisions\/57"}],"wp:attachment":[{"href":"https:\/\/webcom.iutlan.univ-rennes1.fr\/alduperray\/wp-json\/wp\/v2\/media?parent=34"}],"curies":[{"name":"wp","href":"https:\/\/api.w.org\/{rel}","templated":true}]}}