{"id":5726,"date":"2026-04-08T18:45:09","date_gmt":"2026-04-08T16:45:09","guid":{"rendered":"https:\/\/webcom.iutlan.univ-rennes1.fr\/aconannec\/?page_id=5726"},"modified":"2026-04-09T11:13:04","modified_gmt":"2026-04-09T09:13:04","slug":"elementor-5726","status":"publish","type":"page","link":"https:\/\/webcom.iutlan.univ-rennes1.fr\/aconannec\/","title":{"rendered":"FESTIVALS EN FRANCE"},"content":{"rendered":"\t\t<div data-elementor-type=\"wp-post\" data-elementor-id=\"5726\" class=\"elementor elementor-5726\" data-elementor-settings=\"{&quot;ha_cmc_init_switcher&quot;:&quot;no&quot;}\">\n\t\t\t\t<div class=\"elementor-element elementor-element-d8598e2 e-flex e-con-boxed e-con e-parent\" data-id=\"d8598e2\" data-element_type=\"container\" data-e-type=\"container\" data-settings=\"{&quot;_ha_eqh_enable&quot;:false}\">\n\t\t\t\t\t<div class=\"e-con-inner\">\n\t\t\t\t<div class=\"elementor-element elementor-element-03f412d elementor-widget elementor-widget-heading\" data-id=\"03f412d\" data-element_type=\"widget\" data-e-type=\"widget\" data-widget_type=\"heading.default\">\n\t\t\t\t<div class=\"elementor-widget-container\">\n\t\t\t\t\t<h2 class=\"elementor-heading-title elementor-size-default\">Mais o\u00f9 trouver nos festivals en France ?<\/h2>\t\t\t\t<\/div>\n\t\t\t\t<\/div>\n\t\t\t\t\t<\/div>\n\t\t\t\t<\/div>\n\t\t<div class=\"elementor-element elementor-element-0dcca21 e-flex e-con-boxed e-con e-parent\" data-id=\"0dcca21\" data-element_type=\"container\" data-e-type=\"container\" data-settings=\"{&quot;_ha_eqh_enable&quot;:false}\">\n\t\t\t\t\t<div class=\"e-con-inner\">\n\t\t\t\t<div class=\"elementor-element elementor-element-6968366 elementor-widget elementor-widget-text-editor\" data-id=\"6968366\" data-element_type=\"widget\" data-e-type=\"widget\" data-widget_type=\"text-editor.default\">\n\t\t\t\t<div class=\"elementor-widget-container\">\n\t\t\t\t\t\t\t\t\t<p>La France compte parmi les pays les plus dynamiques au monde en mati\u00e8re de festivals, avec des milliers d\u2019\u00e9v\u00e9nements organis\u00e9s chaque ann\u00e9e dans tous les univers artistiques, et en particulier dans la musique. Selon le <a href=\"https:\/\/www.culture.gouv.fr\/presse\/communiques-de-presse\/le-ministere-de-la-culture-publie-le-barometre-des-festivals-2024-entre-vitalite-et-fragilite-economique?\"><b>Barom\u00e8tre des festivals 2024<\/b><\/a> du Minist\u00e8re de la Culture, le spectacle vivant repr\u00e9sente pr\u00e8s des deux tiers des festivals, dont <b>46 % d\u00e9di\u00e9s \u00e0 la musique<\/b>, confirmant l\u2019importance de ce secteur dans la vie culturelle fran\u00e7aise.<span class=\"Apple-converted-space\">\u00a0<\/span><\/p><p>Du rock \u00e0 l\u2019\u00e9lectro, du rap \u00e0 la musique classique, les festivals refl\u00e8tent la diversit\u00e9 des sc\u00e8nes musicales et des artistes, avec une forte pr\u00e9sence des musiques actuelles qui repr\u00e9sentent <a href=\"https:\/\/shs.cairn.info\/revue-culture-etudes-2025-4-page-1\"><b>64 % des festivals de musique<\/b><\/a>.<span class=\"Apple-converted-space\">\u00a0<\/span><\/p><p>Ce site vous propose d\u2019explorer cet \u00e9cosyst\u00e8me unique gr\u00e2ce \u00e0 des articles consacr\u00e9s \u00e0 des artistes de tous horizons musicaux, ainsi qu\u2019une carte interactive permettant d\u2019acc\u00e9der facilement aux informations essentielles sur les festivals en France : programmation, lieux, dates et univers musicaux.<\/p><p><a href=\"https:\/\/www.culture.gouv.fr\/presse\/communiques-de-presse\/le-ministere-de-la-culture-publie-le-barometre-des-festivals-2024-entre-vitalite-et-fragilite-economique\">Face \u00e0 une offre toujours plus riche<\/a>, marqu\u00e9e par la cr\u00e9ation de nombreux festivals depuis les ann\u00e9es 2000, les \u00e9v\u00e9nements musicaux continuent d\u2019attirer un public large et passionn\u00e9, tout en participant au rayonnement culturel des territoires.<span class=\"Apple-converted-space\">\u00a0<\/span><\/p>\t\t\t\t\t\t\t\t<\/div>\n\t\t\t\t<\/div>\n\t\t\t\t\t<\/div>\n\t\t\t\t<\/div>\n\t\t<div class=\"elementor-element elementor-element-4bcff23 e-flex e-con-boxed e-con e-parent\" data-id=\"4bcff23\" data-element_type=\"container\" data-e-type=\"container\" data-settings=\"{&quot;_ha_eqh_enable&quot;:false}\">\n\t\t\t\t\t<div class=\"e-con-inner\">\n\t\t\t\t<div class=\"elementor-element elementor-element-4a9c244 elementor-widget elementor-widget-html\" data-id=\"4a9c244\" data-element_type=\"widget\" data-e-type=\"widget\" data-widget_type=\"html.default\">\n\t\t\t\t<div class=\"elementor-widget-container\">\n\t\t\t\t\t<iframe style=\"width: 100%; height: 800px; border: 0;\" allowfullscreen allow=\"geolocation\" src=\"\/\/umap.openstreetmap.fr\/fr\/map\/festivals-en-france_1385403?scaleControl=false&miniMap=false&scrollWheelZoom=true&zoomControl=true&editMode=disabled&moreControl=true&searchControl=null&tilelayersControl=null&embedControl=null&datalayersControl=true&onLoadPanel=none&captionBar=false&captionMenus=true\"><\/iframe><p><a href=\"\/\/umap.openstreetmap.fr\/fr\/map\/festivals-en-france_1385403?scaleControl=false&miniMap=false&scrollWheelZoom=true&zoomControl=true&editMode=disabled&moreControl=true&searchControl=null&tilelayersControl=null&embedControl=null&datalayersControl=true&onLoadPanel=none&captionBar=false&captionMenus=true\">Voir en plein \u00e9cran<\/a><\/p>\t\t\t\t<\/div>\n\t\t\t\t<\/div>\n\t\t\t\t\t<\/div>\n\t\t\t\t<\/div>\n\t\t\t\t<\/div>\n\t\t","protected":false},"excerpt":{"rendered":"<p>O\u00f9 retrouver nos artistes en France ? La France compte parmi les pays les plus dynamiques au monde en mati\u00e8re de festivals, avec des milliers &hellip; <\/p>\n","protected":false},"author":1,"featured_media":0,"parent":0,"menu_order":0,"comment_status":"closed","ping_status":"closed","template":"","meta":{"footnotes":""},"class_list":["post-5726","page","type-page","status-publish","hentry"],"_links":{"self":[{"href":"https:\/\/webcom.iutlan.univ-rennes1.fr\/aconannec\/wp-json\/wp\/v2\/pages\/5726","targetHints":{"allow":["GET"]}}],"collection":[{"href":"https:\/\/webcom.iutlan.univ-rennes1.fr\/aconannec\/wp-json\/wp\/v2\/pages"}],"about":[{"href":"https:\/\/webcom.iutlan.univ-rennes1.fr\/aconannec\/wp-json\/wp\/v2\/types\/page"}],"author":[{"embeddable":true,"href":"https:\/\/webcom.iutlan.univ-rennes1.fr\/aconannec\/wp-json\/wp\/v2\/users\/1"}],"replies":[{"embeddable":true,"href":"https:\/\/webcom.iutlan.univ-rennes1.fr\/aconannec\/wp-json\/wp\/v2\/comments?post=5726"}],"version-history":[{"count":19,"href":"https:\/\/webcom.iutlan.univ-rennes1.fr\/aconannec\/wp-json\/wp\/v2\/pages\/5726\/revisions"}],"predecessor-version":[{"id":5771,"href":"https:\/\/webcom.iutlan.univ-rennes1.fr\/aconannec\/wp-json\/wp\/v2\/pages\/5726\/revisions\/5771"}],"wp:attachment":[{"href":"https:\/\/webcom.iutlan.univ-rennes1.fr\/aconannec\/wp-json\/wp\/v2\/media?parent=5726"}],"curies":[{"name":"wp","href":"https:\/\/api.w.org\/{rel}","templated":true}]}}